{"id":604,"date":"2025-12-04T16:50:36","date_gmt":"2025-12-04T16:50:36","guid":{"rendered":"https:\/\/simecautomation.com\/?page_id=604"},"modified":"2025-12-04T18:04:04","modified_gmt":"2025-12-04T18:04:04","slug":"corte-laser","status":"publish","type":"page","link":"https:\/\/simecautomation.com\/index.php\/corte-laser\/","title":{"rendered":"CORTE LASER"},"content":{"rendered":"\t\t<div data-elementor-type=\"wp-page\" data-elementor-id=\"604\" class=\"elementor elementor-604\">\n\t\t\t\t<div class=\"elementor-element elementor-element-c90a8fb e-flex e-con-boxed e-con e-parent\" data-id=\"c90a8fb\" data-element_type=\"container\">\n\t\t\t\t\t<div class=\"e-con-inner\">\n\t\t<div class=\"elementor-element elementor-element-5707ba3 e-con-full e-flex e-con e-child\" data-id=\"5707ba3\" data-element_type=\"container\">\n\t\t\t\t<div class=\"elementor-element elementor-element-1f68ea9 elementor-widget elementor-widget-heading\" data-id=\"1f68ea9\" data-element_type=\"widget\" data-widget_type=\"heading.default\">\n\t\t\t\t<div class=\"elementor-widget-container\">\n\t\t\t\t\t<h2 class=\"elementor-heading-title elementor-size-default\">Corte l\u00e1ser de l\u00e1mina y placa con tecnolog\u00edas CO\u2082 y fibra. <\/h2>\t\t\t\t<\/div>\n\t\t\t\t<\/div>\n\t\t\t\t<div class=\"elementor-element elementor-element-cdf75f4 elementor-widget elementor-widget-text-editor\" data-id=\"cdf75f4\" data-element_type=\"widget\" data-widget_type=\"text-editor.default\">\n\t\t\t\t<div class=\"elementor-widget-container\">\n\t\t\t\t\t\t\t\t\t<p>Atendemos baja y alta demanda con calidad constante y respuesta \u00e1gil.<\/p>\t\t\t\t\t\t\t\t<\/div>\n\t\t\t\t<\/div>\n\t\t\t\t<\/div>\n\t\t<div class=\"elementor-element elementor-element-6ed591e e-con-full e-flex e-con e-child\" data-id=\"6ed591e\" data-element_type=\"container\">\n\t\t\t\t<div class=\"elementor-element elementor-element-792fd17 elementor-widget elementor-widget-text-editor\" data-id=\"792fd17\" data-element_type=\"widget\" data-widget_type=\"text-editor.default\">\n\t\t\t\t<div class=\"elementor-widget-container\">\n\t\t\t\t\t\t\t\t\t<div id=\"comp-mfac1qau\" class=\"Z_l5lU ku3DBC zQ9jDz qvSjx3 Vq6kJx comp-mfac1qau wixui-rich-text\" data-testid=\"richTextElement\"><button class=\"StylableButton2545352419__root style-mfacnd2v__root wixui-button\" type=\"button\" data-testid=\"buttonContent\" aria-label=\"Automotriz y autopartes\"><span class=\"StylableButton2545352419__container\"><span class=\"StylableButton2545352419__label wixui-button__label\" data-testid=\"stylablebutton-label\">Automotriz y autopartes <\/span><\/span><\/button><\/div><div class=\"Z_l5lU ku3DBC zQ9jDz qvSjx3 Vq6kJx comp-mfac1qau wixui-rich-text\" data-testid=\"richTextElement\"><button class=\"StylableButton2545352419__root style-mfactaz93__root wixui-button\" type=\"button\" data-testid=\"buttonContent\" aria-label=\"Mobiliario\/herrer\u00eda \"><span class=\"StylableButton2545352419__container\"><span class=\"StylableButton2545352419__label wixui-button__label\" data-testid=\"stylablebutton-label\">Mobiliario\/herrer\u00eda <\/span><\/span><\/button><\/div><div id=\"comp-mfacsoep\" class=\"comp-mfacsoep\" data-semantic-classname=\"button\"><button class=\"StylableButton2545352419__root style-mfacsoeu1__root wixui-button\" type=\"button\" data-testid=\"buttonContent\" aria-label=\"Gabinetes el\u00e9ctricos y racks\"><span class=\"StylableButton2545352419__container\"><span class=\"StylableButton2545352419__label wixui-button__label\" data-testid=\"stylablebutton-label\">Gabinetes el\u00e9ctricos y racks<\/span><\/span><\/button><\/div><div id=\"comp-mfactayy\" class=\"comp-mfactayy\" data-semantic-classname=\"button\"><button class=\"StylableButton2545352419__root style-mfactaza3__root wixui-button\" type=\"button\" data-testid=\"buttonContent\" aria-label=\"Ventilaci\u00f3n y ducter\u00eda\"><span class=\"StylableButton2545352419__container\"><span class=\"StylableButton2545352419__label wixui-button__label\" data-testid=\"stylablebutton-label\">Ventilaci\u00f3n y ducter\u00eda<\/span><\/span><\/button><\/div><div id=\"comp-mfacsq9e\" class=\"comp-mfacsq9e\" data-semantic-classname=\"button\"><button class=\"StylableButton2545352419__root style-mfacsq9k3__root wixui-button\" type=\"button\" data-testid=\"buttonContent\" aria-label=\"Maquinaria y dispositivos\"><span class=\"StylableButton2545352419__container\"><span class=\"StylableButton2545352419__label wixui-button__label\" data-testid=\"stylablebutton-label\">Maquinaria y dispositivos<\/span><\/span><\/button><\/div><div id=\"comp-mfactaz6\" class=\"comp-mfactaz6\" data-semantic-classname=\"button\"><button class=\"StylableButton2545352419__root style-mfactazb3__root wixui-button\" type=\"button\" data-testid=\"buttonContent\" aria-label=\"Componentes para construcci\u00f3n\"><span class=\"StylableButton2545352419__container\"><span class=\"StylableButton2545352419__label wixui-button__label\" data-testid=\"stylablebutton-label\">Componentes para construcci\u00f3n<\/span><\/span><\/button><\/div>\t\t\t\t\t\t\t\t<\/div>\n\t\t\t\t<\/div>\n\t\t\t\t<\/div>\n\t\t\t\t\t<\/div>\n\t\t\t\t<\/div>\n\t\t<div class=\"elementor-element elementor-element-3883425 e-flex e-con-boxed e-con e-parent\" data-id=\"3883425\" data-element_type=\"container\">\n\t\t\t\t\t<div class=\"e-con-inner\">\n\t\t\t\t<div class=\"elementor-element elementor-element-e6398be elementor-widget-divider--view-line elementor-widget elementor-widget-divider\" data-id=\"e6398be\" data-element_type=\"widget\" data-widget_type=\"divider.default\">\n\t\t\t\t<div class=\"elementor-widget-container\">\n\t\t\t\t\t\t\t<div class=\"elementor-divider\">\n\t\t\t<span class=\"elementor-divider-separator\">\n\t\t\t\t\t\t<\/span>\n\t\t<\/div>\n\t\t\t\t\t\t<\/div>\n\t\t\t\t<\/div>\n\t\t\t\t<div class=\"elementor-element elementor-element-7b8fdc0 elementor-widget elementor-widget-heading\" data-id=\"7b8fdc0\" data-element_type=\"widget\" data-widget_type=\"heading.default\">\n\t\t\t\t<div class=\"elementor-widget-container\">\n\t\t\t\t\t<h1 class=\"elementor-heading-title elementor-size-default\">Capacidades y Alcances<\/h1>\t\t\t\t<\/div>\n\t\t\t\t<\/div>\n\t\t\t\t<div class=\"elementor-element elementor-element-0692072 elementor-widget elementor-widget-text-editor\" data-id=\"0692072\" data-element_type=\"widget\" data-widget_type=\"text-editor.default\">\n\t\t\t\t<div class=\"elementor-widget-container\">\n\t\t\t\t\t\t\t\t\t<p class=\"font_5 wixui-rich-text__text\" style=\"text-align: center;\"><span class=\"wixui-rich-text__text\">En SIMEC presentamos capacidad instalada y par\u00e1metros clave para tu proyecto.<\/span><\/p>\t\t\t\t\t\t\t\t<\/div>\n\t\t\t\t<\/div>\n\t\t\t\t<div class=\"elementor-element elementor-element-829159d elementor-widget-divider--view-line elementor-widget elementor-widget-divider\" data-id=\"829159d\" data-element_type=\"widget\" data-widget_type=\"divider.default\">\n\t\t\t\t<div class=\"elementor-widget-container\">\n\t\t\t\t\t\t\t<div class=\"elementor-divider\">\n\t\t\t<span class=\"elementor-divider-separator\">\n\t\t\t\t\t\t<\/span>\n\t\t<\/div>\n\t\t\t\t\t\t<\/div>\n\t\t\t\t<\/div>\n\t\t\t\t<div class=\"elementor-element elementor-element-cb88aea elementor-widget elementor-widget-heading\" data-id=\"cb88aea\" data-element_type=\"widget\" data-widget_type=\"heading.default\">\n\t\t\t\t<div class=\"elementor-widget-container\">\n\t\t\t\t\t<h3 class=\"elementor-heading-title elementor-size-default\">Capacidades<\/h3>\t\t\t\t<\/div>\n\t\t\t\t<\/div>\n\t\t\t\t<div class=\"elementor-element elementor-element-15ba123 elementor-widget elementor-widget-text-editor\" data-id=\"15ba123\" data-element_type=\"widget\" data-widget_type=\"text-editor.default\">\n\t\t\t\t<div class=\"elementor-widget-container\">\n\t\t\t\t\t\t\t\t\t<div id=\"comp-mfadb6oh\" class=\"Z_l5lU ku3DBC zQ9jDz qvSjx3 Vq6kJx comp-mfadb6oh wixui-rich-text\" data-testid=\"richTextElement\"><p class=\"font_5 wixui-rich-text__text\"><span class=\"wixui-rich-text__text\"><span style=\"color: #ffffff;\">Materiales:<\/span> acero al carb\u00f3n (l\u00e1mina\/placa)<\/span><\/p><\/div><p class=\"font_5 wixui-rich-text__text\"><span class=\"wixui-rich-text__text\"><span style=\"color: #ffffff;\">Espesores t\u00edpicos:<\/span> ej. 1\u201312 mm<br class=\"wixui-rich-text__text\" \/>(consultar mayores)<\/span><\/p><p class=\"font_5 wixui-rich-text__text\"><span class=\"wixui-rich-text__text\"><span style=\"color: #ffffff;\">\u00c1rea \u00fatil de corte:<\/span> ej. hasta X \u00d7 Y mm<\/span><\/p><div id=\"comp-mfads8um\" class=\"Z_l5lU ku3DBC zQ9jDz qvSjx3 Vq6kJx comp-mfads8um wixui-rich-text\" data-testid=\"richTextElement\"><p class=\"font_5 wixui-rich-text__text\"><span class=\"wixui-rich-text__text\"><span style=\"color: #ffffff;\">Tolerancia t\u00edpica:<\/span> ej. \u00b10.2\u20130.5 mm seg\u00fan espesor\/geom.<\/span><\/p><\/div>\t\t\t\t\t\t\t\t<\/div>\n\t\t\t\t<\/div>\n\t\t\t\t<div class=\"elementor-element elementor-element-84849f5 elementor-widget-divider--view-line elementor-widget elementor-widget-divider\" data-id=\"84849f5\" data-element_type=\"widget\" data-widget_type=\"divider.default\">\n\t\t\t\t<div class=\"elementor-widget-container\">\n\t\t\t\t\t\t\t<div class=\"elementor-divider\">\n\t\t\t<span class=\"elementor-divider-separator\">\n\t\t\t\t\t\t<\/span>\n\t\t<\/div>\n\t\t\t\t\t\t<\/div>\n\t\t\t\t<\/div>\n\t\t\t\t<div class=\"elementor-element elementor-element-f04d757 elementor-widget elementor-widget-heading\" data-id=\"f04d757\" data-element_type=\"widget\" data-widget_type=\"heading.default\">\n\t\t\t\t<div class=\"elementor-widget-container\">\n\t\t\t\t\t<h3 class=\"elementor-heading-title elementor-size-default\">Calidad y trazabilidad<\/h3>\t\t\t\t<\/div>\n\t\t\t\t<\/div>\n\t\t\t\t<div class=\"elementor-element elementor-element-f351750 elementor-widget elementor-widget-text-editor\" data-id=\"f351750\" data-element_type=\"widget\" data-widget_type=\"text-editor.default\">\n\t\t\t\t<div class=\"elementor-widget-container\">\n\t\t\t\t\t\t\t\t\t<div id=\"comp-mfadb6oh\" class=\"Z_l5lU ku3DBC zQ9jDz qvSjx3 Vq6kJx comp-mfadb6oh wixui-rich-text\" data-testid=\"richTextElement\"><div id=\"comp-mfae0kxe\" class=\"Z_l5lU ku3DBC zQ9jDz qvSjx3 Vq6kJx comp-mfae0kxe wixui-rich-text\" style=\"text-align: left;\" data-testid=\"richTextElement\"><span class=\"wixui-rich-text__text\"><span style=\"color: #ffffff;\">Prototipo:<\/span> 24\u201372 h<\/span><\/div><p class=\"font_5 wixui-rich-text__text\" style=\"text-align: left;\"><span class=\"wixui-rich-text__text\"><span style=\"color: #ffffff;\">Series medianas:<\/span> 5\u201310 d\u00edas<\/span><\/p><div id=\"comp-mfae0kxh\" class=\"Z_l5lU ku3DBC zQ9jDz qvSjx3 Vq6kJx comp-mfae0kxh wixui-rich-text\" style=\"text-align: left;\" data-testid=\"richTextElement\"><span class=\"wixui-rich-text__text\"><span style=\"color: #ffffff;\">Urgencias fast-track<\/span> (cupos limitados)<\/span><\/div><\/div>\t\t\t\t\t\t\t\t<\/div>\n\t\t\t\t<\/div>\n\t\t\t\t<div class=\"elementor-element elementor-element-221c28b elementor-widget-divider--view-line elementor-widget elementor-widget-divider\" data-id=\"221c28b\" data-element_type=\"widget\" data-widget_type=\"divider.default\">\n\t\t\t\t<div class=\"elementor-widget-container\">\n\t\t\t\t\t\t\t<div class=\"elementor-divider\">\n\t\t\t<span class=\"elementor-divider-separator\">\n\t\t\t\t\t\t<\/span>\n\t\t<\/div>\n\t\t\t\t\t\t<\/div>\n\t\t\t\t<\/div>\n\t\t\t\t<div class=\"elementor-element elementor-element-31458c7 elementor-widget elementor-widget-heading\" data-id=\"31458c7\" data-element_type=\"widget\" data-widget_type=\"heading.default\">\n\t\t\t\t<div class=\"elementor-widget-container\">\n\t\t\t\t\t<h3 class=\"elementor-heading-title elementor-size-default\">Tiempos de entrega (orientativos)<\/h3>\t\t\t\t<\/div>\n\t\t\t\t<\/div>\n\t\t\t\t<div class=\"elementor-element elementor-element-58ae509 elementor-widget elementor-widget-text-editor\" data-id=\"58ae509\" data-element_type=\"widget\" data-widget_type=\"text-editor.default\">\n\t\t\t\t<div class=\"elementor-widget-container\">\n\t\t\t\t\t\t\t\t\t<div id=\"comp-mfae0q914\" class=\"Z_l5lU ku3DBC zQ9jDz qvSjx3 Vq6kJx comp-mfae0q914 wixui-rich-text\" data-testid=\"richTextElement\"><p class=\"font_5 wixui-rich-text__text\" style=\"text-align: left;\"><span class=\"wixui-rich-text__text\">Primer art\u00edculo (FAI) bajo pedido \u00b7 muestreo por lote<\/span><\/p><\/div><p class=\"font_5 wixui-rich-text__text\" style=\"text-align: left;\"><span class=\"color_36 wixui-rich-text__text\"><span class=\"wixui-rich-text__text\">Etiquetado por pieza\/caja \u00b7 hoja de empaque y lote de material<\/span><\/span><\/p><div id=\"comp-mfaelrr6\" class=\"Z_l5lU ku3DBC zQ9jDz qvSjx3 Vq6kJx comp-mfaelrr6 wixui-rich-text\" data-testid=\"richTextElement\"><p class=\"font_5 wixui-rich-text__text\" style=\"text-align: left;\"><span class=\"color_36 wixui-rich-text__text\"><span class=\"wixui-rich-text__text\">Registro de lote de material si se requiere<\/span><\/span><\/p><\/div>\t\t\t\t\t\t\t\t<\/div>\n\t\t\t\t<\/div>\n\t\t\t\t<div class=\"elementor-element elementor-element-2a24180 elementor-widget elementor-widget-text-editor\" data-id=\"2a24180\" data-element_type=\"widget\" data-widget_type=\"text-editor.default\">\n\t\t\t\t<div class=\"elementor-widget-container\">\n\t\t\t\t\t\t\t\t\t<p class=\"font_5 wixui-rich-text__text\"><span class=\"wixui-rich-text__text\"><span style=\"color: #ffffff;\">\u00bfRequieres alg\u00fan servicio t\u00e9cnico especializado?<\/span> <\/span><span class=\"wixui-rich-text__text\"><strong><span style=\"color: #c51700;\">Cont\u00e1ctanos para una evaluaci\u00f3n.<\/span><\/strong><\/span><\/p>\t\t\t\t\t\t\t\t<\/div>\n\t\t\t\t<\/div>\n\t\t\t\t\t<\/div>\n\t\t\t\t<\/div>\n\t\t<div class=\"elementor-element elementor-element-3eff583 e-flex e-con-boxed e-con e-parent\" data-id=\"3eff583\" data-element_type=\"container\">\n\t\t\t\t\t<div class=\"e-con-inner\">\n\t\t\t\t\t<\/div>\n\t\t\t\t<\/div>\n\t\t\t\t<\/div>\n\t\t","protected":false},"excerpt":{"rendered":"<p>Corte l\u00e1ser de l\u00e1mina y placa con tecnolog\u00edas CO\u2082 y fibra. Atendemos baja y alta demanda con calidad constante y respuesta \u00e1gil. Automotriz y autopartes Mobiliario\/herrer\u00eda Gabinetes el\u00e9ctricos y racksVentilaci\u00f3n y ducter\u00edaMaquinaria y dispositivosComponentes para construcci\u00f3n Capacidades y Alcances En SIMEC presentamos capacidad instalada y par\u00e1metros clave para tu proyecto. Capacidades Materiales: acero al carb\u00f3n [&hellip;]<\/p>\n","protected":false},"author":1,"featured_media":0,"parent":0,"menu_order":0,"comment_status":"closed","ping_status":"closed","template":"","meta":{"footnotes":""},"class_list":["post-604","page","type-page","status-publish","hentry"],"_links":{"self":[{"href":"https:\/\/simecautomation.com\/index.php\/wp-json\/wp\/v2\/pages\/604","targetHints":{"allow":["GET"]}}],"collection":[{"href":"https:\/\/simecautomation.com\/index.php\/wp-json\/wp\/v2\/pages"}],"about":[{"href":"https:\/\/simecautomation.com\/index.php\/wp-json\/wp\/v2\/types\/page"}],"author":[{"embeddable":true,"href":"https:\/\/simecautomation.com\/index.php\/wp-json\/wp\/v2\/users\/1"}],"replies":[{"embeddable":true,"href":"https:\/\/simecautomation.com\/index.php\/wp-json\/wp\/v2\/comments?post=604"}],"version-history":[{"count":8,"href":"https:\/\/simecautomation.com\/index.php\/wp-json\/wp\/v2\/pages\/604\/revisions"}],"predecessor-version":[{"id":620,"href":"https:\/\/simecautomation.com\/index.php\/wp-json\/wp\/v2\/pages\/604\/revisions\/620"}],"wp:attachment":[{"href":"https:\/\/simecautomation.com\/index.php\/wp-json\/wp\/v2\/media?parent=604"}],"curies":[{"name":"wp","href":"https:\/\/api.w.org\/{rel}","templated":true}]}}