{"id":502,"date":"2025-03-19T15:54:08","date_gmt":"2025-03-19T15:54:08","guid":{"rendered":"https:\/\/simecautomation.com\/?page_id=502"},"modified":"2025-03-19T16:10:51","modified_gmt":"2025-03-19T16:10:51","slug":"proyectos","status":"publish","type":"page","link":"https:\/\/simecautomation.com\/index.php\/proyectos\/","title":{"rendered":"PROYECTOS"},"content":{"rendered":"\t\t<div data-elementor-type=\"wp-page\" data-elementor-id=\"502\" class=\"elementor elementor-502\">\n\t\t\t\t<div class=\"elementor-element elementor-element-a1f7f9d e-flex e-con-boxed e-con e-parent\" data-id=\"a1f7f9d\" data-element_type=\"container\">\n\t\t\t\t\t<div class=\"e-con-inner\">\n\t\t\t\t<div class=\"elementor-element elementor-element-833856d elementor-widget elementor-widget-text-editor\" data-id=\"833856d\" data-element_type=\"widget\" data-widget_type=\"text-editor.default\">\n\t\t\t\t<div class=\"elementor-widget-container\">\n\t\t\t\t\t\t\t\t\t<p data-start=\"206\" data-end=\"689\"><span style=\"color: #ee1000;\"><strong data-start=\"206\" data-end=\"226\">SIMEC AUTOMATION<\/strong><\/span> es una empresa con una s\u00f3lida trayectoria en la ingenier\u00eda y automatizaci\u00f3n industrial, participando en diversos proyectos de gran envergadura en m\u00faltiples pa\u00edses. Con un enfoque de excelencia y un equipo altamente capacitado, hemos logrado llevar a cabo proyectos complejos y personalizados para empresas de renombre a nivel mundial. Nuestra presencia internacional abarca m\u00e1s de 4 pa\u00edses, destacando por nuestra participaci\u00f3n en los siguientes proyectos clave:<\/p><ol data-start=\"691\" data-end=\"3826\"><li data-start=\"691\" data-end=\"921\"><p data-start=\"694\" data-end=\"921\"><strong data-start=\"694\" data-end=\"730\"><span style=\"color: #ee1000;\">PASLIN (DT \u2013 METALSA Apodaca)<\/span>:<\/strong> Hemos sido parte del proyecto para la instalaci\u00f3n y automatizaci\u00f3n de sistemas industriales en METALSA, ubicada en Apodaca, con un enfoque en optimizar la producci\u00f3n y garantizar la calidad.<\/p><\/li><li data-start=\"923\" data-end=\"1181\"><p data-start=\"926\" data-end=\"1181\"><span style=\"color: #ee1000;\"><strong data-start=\"926\" data-end=\"960\">ABB (T1XX \u2013 San Luis\/CDMX):<\/strong><\/span> En este proyecto, trabajamos con <strong data-start=\"994\" data-end=\"1001\">ABB<\/strong> para la integraci\u00f3n de soluciones de control y automatizaci\u00f3n en las plantas de San Luis y Ciudad de M\u00e9xico, contribuyendo al desarrollo de sistemas el\u00e9ctricos de alta eficiencia.<\/p><\/li><li data-start=\"1183\" data-end=\"1407\"><p data-start=\"1186\" data-end=\"1407\"><span style=\"color: #ee1000;\"><strong data-start=\"1186\" data-end=\"1223\">COMAU (JL \u2013 METALSA Apodaca):<\/strong><\/span> Participamos en el dise\u00f1o e implementaci\u00f3n de sistemas automatizados para <strong data-start=\"1298\" data-end=\"1307\">COMAU<\/strong> en METALSA Apodaca, asegurando el buen funcionamiento de procesos clave en la industria automotriz.<\/p><\/li><li data-start=\"1409\" data-end=\"1666\"><p data-start=\"1412\" data-end=\"1666\"><span style=\"color: #ee1000;\"><strong data-start=\"1412\" data-end=\"1464\">ATS (TERA &#8211; FIRST SOLAR Vietnam\/Malasia\/USA):<\/strong><\/span> Nuestra experiencia en el sector energ\u00e9tico se vio reflejada en el proyecto para <strong data-start=\"1546\" data-end=\"1561\">FIRST SOLAR<\/strong>, donde colaboramos en la automatizaci\u00f3n de procesos en sus plantas de Vietnam, Malasia y Estados Unidos.<\/p><\/li><li data-start=\"1668\" data-end=\"1912\"><p data-start=\"1671\" data-end=\"1912\"><span style=\"color: #ee1000;\"><strong data-start=\"1671\" data-end=\"1703\">ATS (JLR \u2013 Birmingham UK):<\/strong> <\/span>En <strong data-start=\"1707\" data-end=\"1721\">Birmingham<\/strong>, trabajamos con <strong data-start=\"1738\" data-end=\"1765\">JLR (Jaguar Land Rover)<\/strong> para la optimizaci\u00f3n de sus sistemas de automatizaci\u00f3n, contribuyendo a la mejora de la producci\u00f3n y la eficiencia operativa en sus instalaciones.<\/p><\/li><li data-start=\"1914\" data-end=\"2157\"><p data-start=\"1917\" data-end=\"2157\"><span style=\"color: #ee1000;\"><strong data-start=\"1917\" data-end=\"1961\">VALIANT TMS (MH \u2013 Santa Catarina NL):<\/strong><\/span> En colaboraci\u00f3n con <strong data-start=\"1982\" data-end=\"1997\">Valiant TMS<\/strong>, participamos en el proyecto de <strong data-start=\"2030\" data-end=\"2052\">Santa Catarina, NL<\/strong>, donde implementamos soluciones de automatizaci\u00f3n para mejorar los procesos de manufactura y ensamblaje.<\/p><\/li><li data-start=\"2159\" data-end=\"2444\"><p data-start=\"2162\" data-end=\"2444\"><span style=\"color: #ee1000;\"><strong data-start=\"2162\" data-end=\"2210\">GM (BEV\/BET \u2013 GM Ramos Arizpe\/Michigan):<\/strong> <\/span>En el sector automotriz, SIMEC AUTOMATION ha trabajado con <strong data-start=\"2270\" data-end=\"2288\">General Motors<\/strong> en sus instalaciones de <strong data-start=\"2313\" data-end=\"2329\">Ramos Arizpe<\/strong> y <strong data-start=\"2332\" data-end=\"2344\">Michigan<\/strong>, participando en la automatizaci\u00f3n de sistemas para veh\u00edculos el\u00e9ctricos y tecnolog\u00edas innovadoras.<\/p><\/li><li data-start=\"2446\" data-end=\"2705\"><p data-start=\"2449\" data-end=\"2705\"><span style=\"color: #ee1000;\"><strong data-start=\"2449\" data-end=\"2500\">INNOVATIVE AUTOMATION (IX \u2013 Quer\u00e9taro\/NL):<\/strong> <\/span>En colaboraci\u00f3n con <strong data-start=\"2521\" data-end=\"2546\">Innovative Automation<\/strong>, SIMEC AUTOMATION intervino en proyectos de alta complejidad en Quer\u00e9taro y Nuevo Le\u00f3n, llevando a cabo la automatizaci\u00f3n de sistemas de producci\u00f3n avanzados.<\/p><\/li><li data-start=\"2707\" data-end=\"2936\"><p data-start=\"2710\" data-end=\"2936\"><span style=\"color: #ee1000;\"><strong data-start=\"2710\" data-end=\"2745\">WHIRLPOOL (ZEUZ &#8211; Saltillo):<\/strong> <\/span>En <strong data-start=\"2749\" data-end=\"2762\">Whirlpool<\/strong>, nos encargamos de la integraci\u00f3n de sistemas automatizados para la producci\u00f3n de electrodom\u00e9sticos en su planta de <strong data-start=\"2879\" data-end=\"2891\">Saltillo<\/strong>, asegurando la eficiencia de la fabricaci\u00f3n.<\/p><\/li><li data-start=\"2938\" data-end=\"3183\"><p data-start=\"2942\" data-end=\"3183\"><span style=\"color: #ee1000;\"><strong data-start=\"2942\" data-end=\"2986\">FORI (TXX2 \u2013 METALSA\/Hopkinsville\/KT):<\/strong> <\/span>Participamos en la automatizaci\u00f3n y optimizaci\u00f3n de procesos para <strong data-start=\"3053\" data-end=\"3061\">FORI<\/strong>, en los centros de <strong data-start=\"3081\" data-end=\"3092\">METALSA<\/strong> en Hopkinsville, Kentucky, llevando a cabo instalaciones de sistemas de control avanzados.<\/p><\/li><li data-start=\"3185\" data-end=\"3412\"><p data-start=\"3189\" data-end=\"3412\"><span style=\"color: #ee1000;\"><strong data-start=\"3189\" data-end=\"3229\">MILWAUKEE (POC1 \u2013 Wisconsin USA):<\/strong><\/span> En <strong data-start=\"3233\" data-end=\"3246\">Milwaukee<\/strong>, en <strong data-start=\"3251\" data-end=\"3264\">Wisconsin<\/strong>, trabajamos en la automatizaci\u00f3n de procesos de producci\u00f3n, contribuyendo a la eficiencia en la fabricaci\u00f3n de herramientas y equipos industriales.<\/p><\/li><li data-start=\"3414\" data-end=\"3598\"><p data-start=\"3418\" data-end=\"3598\"><span style=\"color: #ee1000;\"><strong data-start=\"3418\" data-end=\"3444\">ATS (P708 \u2013 CDMX):<\/strong> <\/span>En Ciudad de M\u00e9xico, trabajamos en la implementaci\u00f3n de sistemas automatizados para <strong data-start=\"3529\" data-end=\"3536\">ATS<\/strong>, optimizando procesos de manufactura y producci\u00f3n industrial.<\/p><\/li><li data-start=\"3600\" data-end=\"3826\"><p data-start=\"3604\" data-end=\"3826\"><span style=\"color: #ee1000;\"><strong data-start=\"3604\" data-end=\"3639\">ATS (GMBL \u2013 Ramos Arizpe):<\/strong> <\/span>Participamos en un importante proyecto para <strong data-start=\"3684\" data-end=\"3691\">ATS<\/strong> en <strong data-start=\"3695\" data-end=\"3711\">Ramos Arizpe<\/strong>, implementando soluciones de automatizaci\u00f3n que mejoraron la eficiencia y calidad de las operaciones industriales.<\/p><\/li><\/ol><p data-start=\"3828\" data-end=\"4365\"><span style=\"color: #ee1000;\"><strong data-start=\"3828\" data-end=\"3848\">SIMEC AUTOMATION<\/strong> <\/span>se distingue por su capacidad de adaptaci\u00f3n a los diferentes entornos y necesidades de cada pa\u00eds en el que operamos. Nuestra presencia internacional, nos ha permitido adquirir una experiencia valiosa en diversas industrias, como la automotriz, la energ\u00e9tica, la de electrodom\u00e9sticos y muchas m\u00e1s. Cada proyecto refleja nuestro compromiso con la innovaci\u00f3n, la calidad y la optimizaci\u00f3n de los procesos industriales, consolid\u00e1ndonos como un referente global en ingenier\u00eda y automatizaci\u00f3n.<\/p>\t\t\t\t\t\t\t\t<\/div>\n\t\t\t\t<\/div>\n\t\t\t\t\t<\/div>\n\t\t\t\t<\/div>\n\t\t<div class=\"elementor-element elementor-element-6b1ed62 e-con-full e-flex e-con e-parent\" data-id=\"6b1ed62\" data-element_type=\"container\">\n\t\t<div class=\"elementor-element elementor-element-ed9e2dc e-con-full e-flex e-con e-child\" data-id=\"ed9e2dc\" data-element_type=\"container\">\n\t\t\t\t<div class=\"elementor-element elementor-element-fdfb0ad elementor-widget elementor-widget-image\" data-id=\"fdfb0ad\" data-element_type=\"widget\" data-widget_type=\"image.default\">\n\t\t\t\t<div class=\"elementor-widget-container\">\n\t\t\t\t\t\t\t\t\t\t\t\t\t\t\t<img decoding=\"async\" width=\"283\" height=\"142\" src=\"https:\/\/simecautomation.com\/wp-content\/uploads\/2025\/03\/mexico.png\" class=\"attachment-large size-large wp-image-513\" alt=\"\" \/>\t\t\t\t\t\t\t\t\t\t\t\t\t\t\t<\/div>\n\t\t\t\t<\/div>\n\t\t\t\t<\/div>\n\t\t<div class=\"elementor-element elementor-element-60af4f6 e-con-full e-flex e-con e-child\" data-id=\"60af4f6\" data-element_type=\"container\">\n\t\t\t\t<div class=\"elementor-element elementor-element-1f59a29 elementor-widget elementor-widget-image\" data-id=\"1f59a29\" data-element_type=\"widget\" data-widget_type=\"image.default\">\n\t\t\t\t<div class=\"elementor-widget-container\">\n\t\t\t\t\t\t\t\t\t\t\t\t\t\t\t<img decoding=\"async\" width=\"283\" height=\"142\" src=\"https:\/\/simecautomation.com\/wp-content\/uploads\/2025\/03\/usa.png\" class=\"attachment-large size-large wp-image-515\" alt=\"\" \/>\t\t\t\t\t\t\t\t\t\t\t\t\t\t\t<\/div>\n\t\t\t\t<\/div>\n\t\t\t\t<\/div>\n\t\t<div class=\"elementor-element elementor-element-971d376 e-con-full e-flex e-con e-child\" data-id=\"971d376\" data-element_type=\"container\">\n\t\t\t\t<div class=\"elementor-element elementor-element-ca2674d elementor-widget elementor-widget-image\" data-id=\"ca2674d\" data-element_type=\"widget\" data-widget_type=\"image.default\">\n\t\t\t\t<div class=\"elementor-widget-container\">\n\t\t\t\t\t\t\t\t\t\t\t\t\t\t\t<img decoding=\"async\" width=\"283\" height=\"142\" src=\"https:\/\/simecautomation.com\/wp-content\/uploads\/2025\/03\/reino-unido.png\" class=\"attachment-large size-large wp-image-514\" alt=\"\" \/>\t\t\t\t\t\t\t\t\t\t\t\t\t\t\t<\/div>\n\t\t\t\t<\/div>\n\t\t\t\t<\/div>\n\t\t<div class=\"elementor-element elementor-element-62cc297 e-con-full e-flex e-con e-child\" data-id=\"62cc297\" data-element_type=\"container\">\n\t\t\t\t<div class=\"elementor-element elementor-element-62fd0da elementor-widget elementor-widget-image\" data-id=\"62fd0da\" data-element_type=\"widget\" data-widget_type=\"image.default\">\n\t\t\t\t<div class=\"elementor-widget-container\">\n\t\t\t\t\t\t\t\t\t\t\t\t\t\t\t<img loading=\"lazy\" decoding=\"async\" width=\"283\" height=\"142\" src=\"https:\/\/simecautomation.com\/wp-content\/uploads\/2025\/03\/malasia.png\" class=\"attachment-large size-large wp-image-512\" alt=\"\" \/>\t\t\t\t\t\t\t\t\t\t\t\t\t\t\t<\/div>\n\t\t\t\t<\/div>\n\t\t\t\t<\/div>\n\t\t<div class=\"elementor-element elementor-element-dea5cd1 e-con-full e-flex e-con e-child\" data-id=\"dea5cd1\" data-element_type=\"container\">\n\t\t\t\t<div class=\"elementor-element elementor-element-115db09 elementor-widget elementor-widget-image\" data-id=\"115db09\" data-element_type=\"widget\" data-widget_type=\"image.default\">\n\t\t\t\t<div class=\"elementor-widget-container\">\n\t\t\t\t\t\t\t\t\t\t\t\t\t\t\t<img loading=\"lazy\" decoding=\"async\" width=\"283\" height=\"142\" src=\"https:\/\/simecautomation.com\/wp-content\/uploads\/2025\/03\/vietnam.png\" class=\"attachment-large size-large wp-image-516\" alt=\"\" \/>\t\t\t\t\t\t\t\t\t\t\t\t\t\t\t<\/div>\n\t\t\t\t<\/div>\n\t\t\t\t<\/div>\n\t\t<div class=\"elementor-element elementor-element-babc07a e-con-full e-flex e-con e-child\" data-id=\"babc07a\" data-element_type=\"container\">\n\t\t\t\t<\/div>\n\t\t\t\t<\/div>\n\t\t\t\t<\/div>\n\t\t","protected":false},"excerpt":{"rendered":"<p>SIMEC AUTOMATION es una empresa con una s\u00f3lida trayectoria en la ingenier\u00eda y automatizaci\u00f3n industrial, participando en diversos proyectos de gran envergadura en m\u00faltiples pa\u00edses. Con un enfoque de excelencia y un equipo altamente capacitado, hemos logrado llevar a cabo proyectos complejos y personalizados para empresas de renombre a nivel mundial. Nuestra presencia internacional abarca [&hellip;]<\/p>\n","protected":false},"author":1,"featured_media":0,"parent":0,"menu_order":0,"comment_status":"closed","ping_status":"closed","template":"","meta":{"footnotes":""},"class_list":["post-502","page","type-page","status-publish","hentry"],"_links":{"self":[{"href":"https:\/\/simecautomation.com\/index.php\/wp-json\/wp\/v2\/pages\/502","targetHints":{"allow":["GET"]}}],"collection":[{"href":"https:\/\/simecautomation.com\/index.php\/wp-json\/wp\/v2\/pages"}],"about":[{"href":"https:\/\/simecautomation.com\/index.php\/wp-json\/wp\/v2\/types\/page"}],"author":[{"embeddable":true,"href":"https:\/\/simecautomation.com\/index.php\/wp-json\/wp\/v2\/users\/1"}],"replies":[{"embeddable":true,"href":"https:\/\/simecautomation.com\/index.php\/wp-json\/wp\/v2\/comments?post=502"}],"version-history":[{"count":10,"href":"https:\/\/simecautomation.com\/index.php\/wp-json\/wp\/v2\/pages\/502\/revisions"}],"predecessor-version":[{"id":523,"href":"https:\/\/simecautomation.com\/index.php\/wp-json\/wp\/v2\/pages\/502\/revisions\/523"}],"wp:attachment":[{"href":"https:\/\/simecautomation.com\/index.php\/wp-json\/wp\/v2\/media?parent=502"}],"curies":[{"name":"wp","href":"https:\/\/api.w.org\/{rel}","templated":true}]}}