{"id":487,"date":"2025-03-19T15:38:32","date_gmt":"2025-03-19T15:38:32","guid":{"rendered":"https:\/\/simecautomation.com\/?page_id=487"},"modified":"2025-03-19T15:52:43","modified_gmt":"2025-03-19T15:52:43","slug":"controles","status":"publish","type":"page","link":"https:\/\/simecautomation.com\/index.php\/controles\/","title":{"rendered":"CONTROLES"},"content":{"rendered":"\t\t<div data-elementor-type=\"wp-page\" data-elementor-id=\"487\" class=\"elementor elementor-487\">\n\t\t\t\t<div class=\"elementor-element elementor-element-010ca2d e-flex e-con-boxed e-con e-parent\" data-id=\"010ca2d\" data-element_type=\"container\">\n\t\t\t\t\t<div class=\"e-con-inner\">\n\t\t\t\t<div class=\"elementor-element elementor-element-8a09f2f elementor-widget elementor-widget-text-editor\" data-id=\"8a09f2f\" data-element_type=\"widget\" data-widget_type=\"text-editor.default\">\n\t\t\t\t<div class=\"elementor-widget-container\">\n\t\t\t\t\t\t\t\t\t<p>En <span style=\"color: #ee1000;\"><strong data-start=\"278\" data-end=\"298\">SIMEC AUTOMATION<\/strong><\/span>, ofrecemos soluciones de control el\u00e9ctrico altamente especializadas y a la medida, utilizando las herramientas m\u00e1s avanzadas del mercado, como <strong data-start=\"442\" data-end=\"454\">RSLogix5<\/strong>, <strong data-start=\"456\" data-end=\"471\">RSLogix 500<\/strong>, <strong data-start=\"473\" data-end=\"489\">RSLogix 5000<\/strong>, <strong data-start=\"491\" data-end=\"506\">Studio 5000<\/strong> y <strong data-start=\"509\" data-end=\"523\">TIA Portal<\/strong>. Nuestro enfoque est\u00e1 en optimizar los procesos industriales, garantizar la eficiencia y asegurar el funcionamiento confiable de los sistemas de control. Nuestros servicios de control incluyen:<\/p>\t\t\t\t\t\t\t\t<\/div>\n\t\t\t\t<\/div>\n\t\t\t\t\t<\/div>\n\t\t\t\t<\/div>\n\t\t<div class=\"elementor-element elementor-element-b23c15f e-flex e-con-boxed e-con e-parent\" data-id=\"b23c15f\" data-element_type=\"container\">\n\t\t\t\t\t<div class=\"e-con-inner\">\n\t\t<div class=\"elementor-element elementor-element-ed6117d e-con-full e-flex e-con e-child\" data-id=\"ed6117d\" data-element_type=\"container\">\n\t\t\t\t<div class=\"elementor-element elementor-element-205a511 elementor-widget elementor-widget-text-editor\" data-id=\"205a511\" data-element_type=\"widget\" data-widget_type=\"text-editor.default\">\n\t\t\t\t<div class=\"elementor-widget-container\">\n\t\t\t\t\t\t\t\t\t<ul><li data-start=\"721\" data-end=\"1091\"><span style=\"color: #ee1000;\"><strong data-start=\"721\" data-end=\"766\">Dise\u00f1o de Sistema de Control a la Medida:<\/strong><\/span> Dise\u00f1amos sistemas de control personalizados, adaptados a las necesidades espec\u00edficas de cada proyecto. Utilizando plataformas avanzadas como <strong data-start=\"909\" data-end=\"925\">RSLogix 5000<\/strong> y <strong data-start=\"928\" data-end=\"943\">Studio 5000<\/strong>, desarrollamos soluciones integrales para el control y automatizaci\u00f3n de procesos, asegurando la m\u00e1xima eficiencia y confiabilidad en su operaci\u00f3n.<\/li><li data-start=\"1093\" data-end=\"1484\"><p data-start=\"1095\" data-end=\"1484\"><span style=\"color: #ee1000;\"><strong data-start=\"1095\" data-end=\"1135\">Modificaci\u00f3n de Sistemas de Control:<\/strong><\/span> Realizamos modificaciones y actualizaciones en sistemas de control existentes para mejorar su rendimiento, adaptarlos a nuevas normativas o integrar nuevas funcionalidades. Con herramientas como <strong data-start=\"1331\" data-end=\"1345\">TIA Portal<\/strong> y <strong data-start=\"1348\" data-end=\"1363\">RSLogix 500<\/strong>, nos aseguramos de que las modificaciones se realicen de manera eficiente y sin afectar la operatividad de los proc<\/p><\/li><\/ul>\t\t\t\t\t\t\t\t<\/div>\n\t\t\t\t<\/div>\n\t\t\t\t<\/div>\n\t\t<div class=\"elementor-element elementor-element-8ccb2db e-con-full e-flex e-con e-child\" data-id=\"8ccb2db\" data-element_type=\"container\">\n\t\t<div class=\"elementor-element elementor-element-8f33dc3 e-con-full e-flex e-con e-child\" data-id=\"8f33dc3\" data-element_type=\"container\">\n\t\t\t\t<div class=\"elementor-element elementor-element-0ac3609 elementor-widget elementor-widget-image\" data-id=\"0ac3609\" data-element_type=\"widget\" data-widget_type=\"image.default\">\n\t\t\t\t<div class=\"elementor-widget-container\">\n\t\t\t\t\t\t\t\t\t\t\t\t\t\t\t<img fetchpriority=\"high\" decoding=\"async\" width=\"768\" height=\"1024\" src=\"https:\/\/simecautomation.com\/wp-content\/uploads\/2025\/02\/7-768x1024.jpeg\" class=\"attachment-large size-large wp-image-247\" alt=\"\" srcset=\"https:\/\/simecautomation.com\/wp-content\/uploads\/2025\/02\/7-768x1024.jpeg 768w, https:\/\/simecautomation.com\/wp-content\/uploads\/2025\/02\/7-225x300.jpeg 225w, https:\/\/simecautomation.com\/wp-content\/uploads\/2025\/02\/7-1152x1536.jpeg 1152w, https:\/\/simecautomation.com\/wp-content\/uploads\/2025\/02\/7.jpeg 1200w\" sizes=\"(max-width: 768px) 100vw, 768px\" \/>\t\t\t\t\t\t\t\t\t\t\t\t\t\t\t<\/div>\n\t\t\t\t<\/div>\n\t\t\t\t<div class=\"elementor-element elementor-element-dfaf07c elementor-widget elementor-widget-image\" data-id=\"dfaf07c\" data-element_type=\"widget\" data-widget_type=\"image.default\">\n\t\t\t\t<div class=\"elementor-widget-container\">\n\t\t\t\t\t\t\t\t\t\t\t\t\t\t\t<img decoding=\"async\" width=\"768\" height=\"1024\" src=\"https:\/\/simecautomation.com\/wp-content\/uploads\/2025\/03\/5WhatsApp-Image-2024-08-02-at-13.48.20-768x1024.jpeg\" class=\"attachment-large size-large wp-image-488\" alt=\"\" srcset=\"https:\/\/simecautomation.com\/wp-content\/uploads\/2025\/03\/5WhatsApp-Image-2024-08-02-at-13.48.20-768x1024.jpeg 768w, https:\/\/simecautomation.com\/wp-content\/uploads\/2025\/03\/5WhatsApp-Image-2024-08-02-at-13.48.20-225x300.jpeg 225w, https:\/\/simecautomation.com\/wp-content\/uploads\/2025\/03\/5WhatsApp-Image-2024-08-02-at-13.48.20-1152x1536.jpeg 1152w, https:\/\/simecautomation.com\/wp-content\/uploads\/2025\/03\/5WhatsApp-Image-2024-08-02-at-13.48.20.jpeg 1200w\" sizes=\"(max-width: 768px) 100vw, 768px\" \/>\t\t\t\t\t\t\t\t\t\t\t\t\t\t\t<\/div>\n\t\t\t\t<\/div>\n\t\t\t\t<\/div>\n\t\t<div class=\"elementor-element elementor-element-6c0d8c8 e-con-full e-flex e-con e-child\" data-id=\"6c0d8c8\" data-element_type=\"container\">\n\t\t\t\t<\/div>\n\t\t\t\t<\/div>\n\t\t\t\t\t<\/div>\n\t\t\t\t<\/div>\n\t\t\t\t<\/div>\n\t\t","protected":false},"excerpt":{"rendered":"<p>En SIMEC AUTOMATION, ofrecemos soluciones de control el\u00e9ctrico altamente especializadas y a la medida, utilizando las herramientas m\u00e1s avanzadas del mercado, como RSLogix5, RSLogix 500, RSLogix 5000, Studio 5000 y TIA Portal. Nuestro enfoque est\u00e1 en optimizar los procesos industriales, garantizar la eficiencia y asegurar el funcionamiento confiable de los sistemas de control. Nuestros servicios [&hellip;]<\/p>\n","protected":false},"author":1,"featured_media":0,"parent":0,"menu_order":0,"comment_status":"closed","ping_status":"closed","template":"","meta":{"footnotes":""},"class_list":["post-487","page","type-page","status-publish","hentry"],"_links":{"self":[{"href":"https:\/\/simecautomation.com\/index.php\/wp-json\/wp\/v2\/pages\/487","targetHints":{"allow":["GET"]}}],"collection":[{"href":"https:\/\/simecautomation.com\/index.php\/wp-json\/wp\/v2\/pages"}],"about":[{"href":"https:\/\/simecautomation.com\/index.php\/wp-json\/wp\/v2\/types\/page"}],"author":[{"embeddable":true,"href":"https:\/\/simecautomation.com\/index.php\/wp-json\/wp\/v2\/users\/1"}],"replies":[{"embeddable":true,"href":"https:\/\/simecautomation.com\/index.php\/wp-json\/wp\/v2\/comments?post=487"}],"version-history":[{"count":4,"href":"https:\/\/simecautomation.com\/index.php\/wp-json\/wp\/v2\/pages\/487\/revisions"}],"predecessor-version":[{"id":507,"href":"https:\/\/simecautomation.com\/index.php\/wp-json\/wp\/v2\/pages\/487\/revisions\/507"}],"wp:attachment":[{"href":"https:\/\/simecautomation.com\/index.php\/wp-json\/wp\/v2\/media?parent=487"}],"curies":[{"name":"wp","href":"https:\/\/api.w.org\/{rel}","templated":true}]}}