{"id":479,"date":"2025-03-19T15:34:32","date_gmt":"2025-03-19T15:34:32","guid":{"rendered":"https:\/\/simecautomation.com\/?page_id=479"},"modified":"2025-03-19T15:52:29","modified_gmt":"2025-03-19T15:52:29","slug":"electricos","status":"publish","type":"page","link":"https:\/\/simecautomation.com\/index.php\/electricos\/","title":{"rendered":"EL\u00c9CTRICOS"},"content":{"rendered":"\t\t<div data-elementor-type=\"wp-page\" data-elementor-id=\"479\" class=\"elementor elementor-479\">\n\t\t\t\t<div class=\"elementor-element elementor-element-b2efa89 e-flex e-con-boxed e-con e-parent\" data-id=\"b2efa89\" data-element_type=\"container\">\n\t\t\t\t\t<div class=\"e-con-inner\">\n\t\t\t\t<div class=\"elementor-element elementor-element-94f0651 elementor-widget elementor-widget-text-editor\" data-id=\"94f0651\" data-element_type=\"widget\" data-widget_type=\"text-editor.default\">\n\t\t\t\t<div class=\"elementor-widget-container\">\n\t\t\t\t\t\t\t\t\t<p>Ofrecemos soluciones el\u00e9ctricas innovadoras y de alta calidad, adaptadas a las necesidades espec\u00edficas de cada cliente. Utilizando herramientas avanzadas como <strong data-start=\"364\" data-end=\"373\">Eplan<\/strong> y <strong data-start=\"376\" data-end=\"387\">AutoCAD<\/strong>, garantizamos un dise\u00f1o preciso y eficiente, as\u00ed como una ejecuci\u00f3n impecable en cada proyecto. Nuestros servicios el\u00e9ctricos incluyen:<\/p>\t\t\t\t\t\t\t\t<\/div>\n\t\t\t\t<\/div>\n\t\t\t\t\t<\/div>\n\t\t\t\t<\/div>\n\t\t<div class=\"elementor-element elementor-element-3047852 e-flex e-con-boxed e-con e-parent\" data-id=\"3047852\" data-element_type=\"container\">\n\t\t\t\t\t<div class=\"e-con-inner\">\n\t\t<div class=\"elementor-element elementor-element-ad5b98b e-con-full e-flex e-con e-child\" data-id=\"ad5b98b\" data-element_type=\"container\">\n\t\t\t\t<div class=\"elementor-element elementor-element-ac59635 elementor-widget elementor-widget-text-editor\" data-id=\"ac59635\" data-element_type=\"widget\" data-widget_type=\"text-editor.default\">\n\t\t\t\t<div class=\"elementor-widget-container\">\n\t\t\t\t\t\t\t\t\t<ul><li><span style=\"color: #ee1000;\"><strong data-start=\"527\" data-end=\"564\">Dise\u00f1o de Ingenier\u00edas El\u00e9ctricas:<\/strong><\/span> Nos especializamos en el dise\u00f1o de proyectos el\u00e9ctricos integrales, desde la planificaci\u00f3n hasta la ejecuci\u00f3n. Utilizando software especializado como <strong data-start=\"715\" data-end=\"724\">Eplan<\/strong> y <strong data-start=\"727\" data-end=\"738\">AutoCAD<\/strong>, creamos diagramas y esquemas el\u00e9ctricos que cumplen con las normativas vigentes, asegurando un funcionamiento \u00f3ptimo y seguro de los sistemas el\u00e9ctricos.<\/li><li data-start=\"895\" data-end=\"1269\"><p data-start=\"897\" data-end=\"1269\"><span style=\"color: #ee1000;\"><strong data-start=\"897\" data-end=\"940\">Modificaci\u00f3n de Ingenier\u00edas El\u00e9ctricas:<\/strong><\/span> Realizamos modificaciones en dise\u00f1os el\u00e9ctricos existentes, adapt\u00e1ndolos a nuevas necesidades o mejoras tecnol\u00f3gicas. Ya sea para ampliar instalaciones, actualizar sistemas o realizar ajustes, nuestro equipo se asegura de que las modificaciones mantengan la eficiencia, seguridad y confiabilidad de las instalaciones el\u00e9ctricas.<\/p><\/li><li data-start=\"1271\" data-end=\"1623\"><p data-start=\"1273\" data-end=\"1623\"><span style=\"color: #ee1000;\"><strong data-start=\"1273\" data-end=\"1302\">Instalaciones El\u00e9ctricas:<\/strong><\/span> Ejecutamos instalaciones el\u00e9ctricas en proyectos industriales, comerciales y residenciales, garantizando una correcta distribuci\u00f3n de energ\u00eda y la implementaci\u00f3n de sistemas de protecci\u00f3n adecuados. Nuestro enfoque est\u00e1 en asegurar que cada instalaci\u00f3n sea segura, eficiente y cumpla con todos los est\u00e1ndares de calidad.<\/p><\/li><\/ul>\t\t\t\t\t\t\t\t<\/div>\n\t\t\t\t<\/div>\n\t\t\t\t<\/div>\n\t\t<div class=\"elementor-element elementor-element-0ef4f2a e-con-full e-flex e-con e-child\" data-id=\"0ef4f2a\" data-element_type=\"container\">\n\t\t<div class=\"elementor-element elementor-element-4253341 e-con-full e-flex e-con e-child\" data-id=\"4253341\" data-element_type=\"container\">\n\t\t\t\t<div class=\"elementor-element elementor-element-ef52536 elementor-widget elementor-widget-image\" data-id=\"ef52536\" data-element_type=\"widget\" data-widget_type=\"image.default\">\n\t\t\t\t<div class=\"elementor-widget-container\">\n\t\t\t\t\t\t\t\t\t\t\t\t\t\t\t<img fetchpriority=\"high\" decoding=\"async\" width=\"772\" height=\"1024\" src=\"https:\/\/simecautomation.com\/wp-content\/uploads\/2025\/03\/WhatsApp-Image-2025-02-24-at-14.10.15-772x1024.jpeg\" class=\"attachment-large size-large wp-image-460\" alt=\"\" srcset=\"https:\/\/simecautomation.com\/wp-content\/uploads\/2025\/03\/WhatsApp-Image-2025-02-24-at-14.10.15-772x1024.jpeg 772w, https:\/\/simecautomation.com\/wp-content\/uploads\/2025\/03\/WhatsApp-Image-2025-02-24-at-14.10.15-226x300.jpeg 226w, https:\/\/simecautomation.com\/wp-content\/uploads\/2025\/03\/WhatsApp-Image-2025-02-24-at-14.10.15-768x1019.jpeg 768w, https:\/\/simecautomation.com\/wp-content\/uploads\/2025\/03\/WhatsApp-Image-2025-02-24-at-14.10.15.jpeg 1080w\" sizes=\"(max-width: 772px) 100vw, 772px\" \/>\t\t\t\t\t\t\t\t\t\t\t\t\t\t\t<\/div>\n\t\t\t\t<\/div>\n\t\t\t\t<div class=\"elementor-element elementor-element-40996c1 elementor-widget elementor-widget-image\" data-id=\"40996c1\" data-element_type=\"widget\" data-widget_type=\"image.default\">\n\t\t\t\t<div class=\"elementor-widget-container\">\n\t\t\t\t\t\t\t\t\t\t\t\t\t\t\t<img decoding=\"async\" width=\"768\" height=\"1024\" src=\"https:\/\/simecautomation.com\/wp-content\/uploads\/2025\/02\/5WhatsApp-Image-2024-08-02-at-13.48.20-768x1024.jpeg\" class=\"attachment-large size-large wp-image-296\" alt=\"\" srcset=\"https:\/\/simecautomation.com\/wp-content\/uploads\/2025\/02\/5WhatsApp-Image-2024-08-02-at-13.48.20-768x1024.jpeg 768w, https:\/\/simecautomation.com\/wp-content\/uploads\/2025\/02\/5WhatsApp-Image-2024-08-02-at-13.48.20-225x300.jpeg 225w, https:\/\/simecautomation.com\/wp-content\/uploads\/2025\/02\/5WhatsApp-Image-2024-08-02-at-13.48.20-1152x1536.jpeg 1152w, https:\/\/simecautomation.com\/wp-content\/uploads\/2025\/02\/5WhatsApp-Image-2024-08-02-at-13.48.20.jpeg 1200w\" sizes=\"(max-width: 768px) 100vw, 768px\" \/>\t\t\t\t\t\t\t\t\t\t\t\t\t\t\t<\/div>\n\t\t\t\t<\/div>\n\t\t\t\t<\/div>\n\t\t<div class=\"elementor-element elementor-element-3755898 e-con-full e-flex e-con e-child\" data-id=\"3755898\" data-element_type=\"container\">\n\t\t\t\t<\/div>\n\t\t\t\t<\/div>\n\t\t\t\t\t<\/div>\n\t\t\t\t<\/div>\n\t\t\t\t<\/div>\n\t\t","protected":false},"excerpt":{"rendered":"<p>Ofrecemos soluciones el\u00e9ctricas innovadoras y de alta calidad, adaptadas a las necesidades espec\u00edficas de cada cliente. Utilizando herramientas avanzadas como Eplan y AutoCAD, garantizamos un dise\u00f1o preciso y eficiente, as\u00ed como una ejecuci\u00f3n impecable en cada proyecto. Nuestros servicios el\u00e9ctricos incluyen: Dise\u00f1o de Ingenier\u00edas El\u00e9ctricas: Nos especializamos en el dise\u00f1o de proyectos el\u00e9ctricos integrales, desde [&hellip;]<\/p>\n","protected":false},"author":1,"featured_media":0,"parent":0,"menu_order":0,"comment_status":"closed","ping_status":"closed","template":"","meta":{"footnotes":""},"class_list":["post-479","page","type-page","status-publish","hentry"],"_links":{"self":[{"href":"https:\/\/simecautomation.com\/index.php\/wp-json\/wp\/v2\/pages\/479","targetHints":{"allow":["GET"]}}],"collection":[{"href":"https:\/\/simecautomation.com\/index.php\/wp-json\/wp\/v2\/pages"}],"about":[{"href":"https:\/\/simecautomation.com\/index.php\/wp-json\/wp\/v2\/types\/page"}],"author":[{"embeddable":true,"href":"https:\/\/simecautomation.com\/index.php\/wp-json\/wp\/v2\/users\/1"}],"replies":[{"embeddable":true,"href":"https:\/\/simecautomation.com\/index.php\/wp-json\/wp\/v2\/comments?post=479"}],"version-history":[{"count":4,"href":"https:\/\/simecautomation.com\/index.php\/wp-json\/wp\/v2\/pages\/479\/revisions"}],"predecessor-version":[{"id":506,"href":"https:\/\/simecautomation.com\/index.php\/wp-json\/wp\/v2\/pages\/479\/revisions\/506"}],"wp:attachment":[{"href":"https:\/\/simecautomation.com\/index.php\/wp-json\/wp\/v2\/media?parent=479"}],"curies":[{"name":"wp","href":"https:\/\/api.w.org\/{rel}","templated":true}]}}