{"id":465,"date":"2025-03-19T15:29:18","date_gmt":"2025-03-19T15:29:18","guid":{"rendered":"https:\/\/simecautomation.com\/?page_id=465"},"modified":"2025-03-19T15:52:09","modified_gmt":"2025-03-19T15:52:09","slug":"mecanico","status":"publish","type":"page","link":"https:\/\/simecautomation.com\/index.php\/mecanico\/","title":{"rendered":"MEC\u00c1NICO"},"content":{"rendered":"\t\t<div data-elementor-type=\"wp-page\" data-elementor-id=\"465\" class=\"elementor elementor-465\">\n\t\t\t\t<div class=\"elementor-element elementor-element-fea72e0 e-flex e-con-boxed e-con e-parent\" data-id=\"fea72e0\" data-element_type=\"container\">\n\t\t\t\t\t<div class=\"e-con-inner\">\n\t\t\t\t<div class=\"elementor-element elementor-element-f188957 elementor-widget elementor-widget-text-editor\" data-id=\"f188957\" data-element_type=\"widget\" data-widget_type=\"text-editor.default\">\n\t\t\t\t<div class=\"elementor-widget-container\">\n\t\t\t\t\t\t\t\t\t<p><span style=\"color: #ee1000;\"><strong>SIMEC AUTOMATION<\/strong> <\/span>cuenta con una amplia experiencia en el dise\u00f1o e instalaci\u00f3n de soluciones mec\u00e1nicas de alta calidad. Utilizando herramientas avanzadas como <strong data-start=\"392\" data-end=\"406\">SolidWorks<\/strong> y <strong data-start=\"409\" data-end=\"427\">Creoparametric<\/strong>, nos aseguramos de ofrecer resultados precisos, eficientes y adaptados a las necesidades de cada cliente. Nuestros servicios mec\u00e1nicos incluyen:<\/p>\t\t\t\t\t\t\t\t<\/div>\n\t\t\t\t<\/div>\n\t\t\t\t\t<\/div>\n\t\t\t\t<\/div>\n\t\t<div class=\"elementor-element elementor-element-646908d e-flex e-con-boxed e-con e-parent\" data-id=\"646908d\" data-element_type=\"container\">\n\t\t\t\t\t<div class=\"e-con-inner\">\n\t\t<div class=\"elementor-element elementor-element-3b1a0e7 e-con-full e-flex e-con e-child\" data-id=\"3b1a0e7\" data-element_type=\"container\">\n\t\t\t\t<div class=\"elementor-element elementor-element-bac2ed7 elementor-widget elementor-widget-text-editor\" data-id=\"bac2ed7\" data-element_type=\"widget\" data-widget_type=\"text-editor.default\">\n\t\t\t\t<div class=\"elementor-widget-container\">\n\t\t\t\t\t\t\t\t\t<ul><li data-start=\"576\" data-end=\"880\"><span style=\"color: #ee1000;\"><strong data-start=\"576\" data-end=\"612\">Dise\u00f1o e Instalaci\u00f3n de Guardas:<\/strong><\/span> Desarrollamos y ejecutamos el dise\u00f1o de guardas mec\u00e1nicas a medida para garantizar la seguridad en los procesos industriales. Nuestras guardas est\u00e1n dise\u00f1adas para proteger a los trabajadores y evitar riesgos, cumpliendo con las normativas de seguridad m\u00e1s estrictas.<\/li><li data-start=\"882\" data-end=\"1180\"><p data-start=\"884\" data-end=\"1180\"><span style=\"color: #ee1000;\"><strong data-start=\"884\" data-end=\"912\">Instalaciones Mec\u00e1nicas:<\/strong><\/span> Realizamos instalaciones mec\u00e1nicas completas para proyectos industriales, desde el montaje de equipos hasta la integraci\u00f3n de sistemas. Nuestro equipo se encarga de la correcta instalaci\u00f3n de maquinaria y componentes, asegurando su \u00f3ptimo rendimiento y funcionalidad.<\/p><\/li><li data-start=\"1182\" data-end=\"1484\"><p data-start=\"1184\" data-end=\"1484\"><span style=\"color: #ee1000;\"><strong data-start=\"1184\" data-end=\"1218\">Modificaci\u00f3n de Herramentales:<\/strong> <\/span>Ofrecemos servicios de modificaci\u00f3n y optimizaci\u00f3n de herramentales, adapt\u00e1ndolos a los requisitos espec\u00edficos de cada proceso de producci\u00f3n. Esto garantiza la mejora de la eficiencia y la calidad en los trabajos realizados, prolongando la vida \u00fatil de los equipos.<\/p><\/li><li data-start=\"1486\" data-end=\"1822\"><p data-start=\"1488\" data-end=\"1822\"><span style=\"color: #ee1000;\"><strong data-start=\"1488\" data-end=\"1535\">Dise\u00f1o e Instalaci\u00f3n de Sistemas Mec\u00e1nicos:<\/strong> <\/span>Desarrollamos soluciones personalizadas para sistemas mec\u00e1nicos, dise\u00f1ados con las herramientas m\u00e1s avanzadas para asegurar la m\u00e1xima precisi\u00f3n y rendimiento. Adem\u00e1s, nos encargamos de la instalaci\u00f3n e integraci\u00f3n de estos sistemas para un funcionamiento eficiente y sin interrupciones.<\/p><\/li><\/ul>\t\t\t\t\t\t\t\t<\/div>\n\t\t\t\t<\/div>\n\t\t\t\t<\/div>\n\t\t<div class=\"elementor-element elementor-element-635c088 e-con-full e-flex e-con e-child\" data-id=\"635c088\" data-element_type=\"container\">\n\t\t<div class=\"elementor-element elementor-element-1eba72c e-con-full e-flex e-con e-child\" data-id=\"1eba72c\" data-element_type=\"container\">\n\t\t\t\t<div class=\"elementor-element elementor-element-7d280f4 elementor-widget elementor-widget-image\" data-id=\"7d280f4\" data-element_type=\"widget\" data-widget_type=\"image.default\">\n\t\t\t\t<div class=\"elementor-widget-container\">\n\t\t\t\t\t\t\t\t\t\t\t\t\t\t\t<img fetchpriority=\"high\" decoding=\"async\" width=\"768\" height=\"1024\" src=\"https:\/\/simecautomation.com\/wp-content\/uploads\/2025\/03\/53-768x1024.jpeg\" class=\"attachment-large size-large wp-image-468\" alt=\"\" srcset=\"https:\/\/simecautomation.com\/wp-content\/uploads\/2025\/03\/53-768x1024.jpeg 768w, https:\/\/simecautomation.com\/wp-content\/uploads\/2025\/03\/53-225x300.jpeg 225w, https:\/\/simecautomation.com\/wp-content\/uploads\/2025\/03\/53-1152x1536.jpeg 1152w, https:\/\/simecautomation.com\/wp-content\/uploads\/2025\/03\/53-1536x2048.jpeg 1536w, https:\/\/simecautomation.com\/wp-content\/uploads\/2025\/03\/53-scaled.jpeg 1920w\" sizes=\"(max-width: 768px) 100vw, 768px\" \/>\t\t\t\t\t\t\t\t\t\t\t\t\t\t\t<\/div>\n\t\t\t\t<\/div>\n\t\t\t\t<div class=\"elementor-element elementor-element-c81208b elementor-widget elementor-widget-image\" data-id=\"c81208b\" data-element_type=\"widget\" data-widget_type=\"image.default\">\n\t\t\t\t<div class=\"elementor-widget-container\">\n\t\t\t\t\t\t\t\t\t\t\t\t\t\t\t<img decoding=\"async\" width=\"768\" height=\"1024\" src=\"https:\/\/simecautomation.com\/wp-content\/uploads\/2025\/03\/3-768x1024.jpeg\" class=\"attachment-large size-large wp-image-466\" alt=\"\" srcset=\"https:\/\/simecautomation.com\/wp-content\/uploads\/2025\/03\/3-768x1024.jpeg 768w, https:\/\/simecautomation.com\/wp-content\/uploads\/2025\/03\/3-225x300.jpeg 225w, https:\/\/simecautomation.com\/wp-content\/uploads\/2025\/03\/3.jpeg 960w\" sizes=\"(max-width: 768px) 100vw, 768px\" \/>\t\t\t\t\t\t\t\t\t\t\t\t\t\t\t<\/div>\n\t\t\t\t<\/div>\n\t\t\t\t<\/div>\n\t\t<div class=\"elementor-element elementor-element-7aba777 e-con-full e-flex e-con e-child\" data-id=\"7aba777\" data-element_type=\"container\">\n\t\t\t\t<\/div>\n\t\t\t\t<\/div>\n\t\t\t\t\t<\/div>\n\t\t\t\t<\/div>\n\t\t\t\t<\/div>\n\t\t","protected":false},"excerpt":{"rendered":"<p>SIMEC AUTOMATION cuenta con una amplia experiencia en el dise\u00f1o e instalaci\u00f3n de soluciones mec\u00e1nicas de alta calidad. Utilizando herramientas avanzadas como SolidWorks y Creoparametric, nos aseguramos de ofrecer resultados precisos, eficientes y adaptados a las necesidades de cada cliente. Nuestros servicios mec\u00e1nicos incluyen: Dise\u00f1o e Instalaci\u00f3n de Guardas: Desarrollamos y ejecutamos el dise\u00f1o de [&hellip;]<\/p>\n","protected":false},"author":1,"featured_media":0,"parent":0,"menu_order":0,"comment_status":"closed","ping_status":"closed","template":"","meta":{"footnotes":""},"class_list":["post-465","page","type-page","status-publish","hentry"],"_links":{"self":[{"href":"https:\/\/simecautomation.com\/index.php\/wp-json\/wp\/v2\/pages\/465","targetHints":{"allow":["GET"]}}],"collection":[{"href":"https:\/\/simecautomation.com\/index.php\/wp-json\/wp\/v2\/pages"}],"about":[{"href":"https:\/\/simecautomation.com\/index.php\/wp-json\/wp\/v2\/types\/page"}],"author":[{"embeddable":true,"href":"https:\/\/simecautomation.com\/index.php\/wp-json\/wp\/v2\/users\/1"}],"replies":[{"embeddable":true,"href":"https:\/\/simecautomation.com\/index.php\/wp-json\/wp\/v2\/comments?post=465"}],"version-history":[{"count":7,"href":"https:\/\/simecautomation.com\/index.php\/wp-json\/wp\/v2\/pages\/465\/revisions"}],"predecessor-version":[{"id":505,"href":"https:\/\/simecautomation.com\/index.php\/wp-json\/wp\/v2\/pages\/465\/revisions\/505"}],"wp:attachment":[{"href":"https:\/\/simecautomation.com\/index.php\/wp-json\/wp\/v2\/media?parent=465"}],"curies":[{"name":"wp","href":"https:\/\/api.w.org\/{rel}","templated":true}]}}