{"id":459,"date":"2025-03-19T15:19:04","date_gmt":"2025-03-19T15:19:04","guid":{"rendered":"https:\/\/simecautomation.com\/?page_id=459"},"modified":"2025-03-19T15:51:52","modified_gmt":"2025-03-19T15:51:52","slug":"instalaciones","status":"publish","type":"page","link":"https:\/\/simecautomation.com\/index.php\/instalaciones\/","title":{"rendered":"INSTALACIONES"},"content":{"rendered":"\t\t<div data-elementor-type=\"wp-page\" data-elementor-id=\"459\" class=\"elementor elementor-459\">\n\t\t\t\t<div class=\"elementor-element elementor-element-4625cf3 e-flex e-con-boxed e-con e-parent\" data-id=\"4625cf3\" data-element_type=\"container\">\n\t\t\t\t\t<div class=\"e-con-inner\">\n\t\t\t\t<div class=\"elementor-element elementor-element-753f0ab elementor-widget elementor-widget-text-editor\" data-id=\"753f0ab\" data-element_type=\"widget\" data-widget_type=\"text-editor.default\">\n\t\t\t\t<div class=\"elementor-widget-container\">\n\t\t\t\t\t\t\t\t\t<p>En <span style=\"color: #ee1000;\"><strong data-start=\"170\" data-end=\"190\">SIMEC AUTOMATION<\/strong><\/span>, nos especializamos en ofrecer soluciones integrales para empresas que requieren instalaciones de alta calidad en el sector de ingenier\u00eda mec\u00e1nica y el\u00e9ctrica. Contamos con un equipo altamente capacitado que brinda servicios personalizados y eficaces, asegurando el cumplimiento de los m\u00e1s altos est\u00e1ndares de calidad y seguridad. Nuestros servicios incluyen:<\/p>\t\t\t\t\t\t\t\t<\/div>\n\t\t\t\t<\/div>\n\t\t\t\t\t<\/div>\n\t\t\t\t<\/div>\n\t\t<div class=\"elementor-element elementor-element-495a5e8 e-flex e-con-boxed e-con e-parent\" data-id=\"495a5e8\" data-element_type=\"container\">\n\t\t\t\t\t<div class=\"e-con-inner\">\n\t\t<div class=\"elementor-element elementor-element-42f1cc5 e-con-full e-flex e-con e-child\" data-id=\"42f1cc5\" data-element_type=\"container\">\n\t\t\t\t<div class=\"elementor-element elementor-element-055688e elementor-widget elementor-widget-text-editor\" data-id=\"055688e\" data-element_type=\"widget\" data-widget_type=\"text-editor.default\">\n\t\t\t\t<div class=\"elementor-widget-container\">\n\t\t\t\t\t\t\t\t\t<ul><li data-start=\"554\" data-end=\"829\"><span style=\"color: #ee1100;\"><strong data-start=\"554\" data-end=\"583\">Instalaciones de Tuber\u00eda:<\/strong><\/span> Ejecutamos la instalaci\u00f3n de sistemas de tuber\u00edas para diversos procesos industriales, garantizando una conexi\u00f3n segura y eficiente. Nuestro enfoque en la precisi\u00f3n y la calidad asegura la durabilidad y el \u00f3ptimo funcionamiento de cada proyecto.<\/li><li data-start=\"831\" data-end=\"1182\"><p data-start=\"833\" data-end=\"1182\"><span style=\"color: #ee1000;\"><strong data-start=\"833\" data-end=\"893\">Dise\u00f1o, Desarrollo e Instalaci\u00f3n de Tableros de Control:<\/strong><\/span> Contamos con la experiencia y tecnolog\u00eda necesaria para dise\u00f1ar y desarrollar tableros de control el\u00e9ctricos adaptados a las necesidades espec\u00edficas de cada cliente. Nos encargamos de la instalaci\u00f3n e integraci\u00f3n de estos sistemas para un funcionamiento confiable y seguro de los equipos.<\/p><\/li><li data-start=\"1184\" data-end=\"1456\"><p data-start=\"1186\" data-end=\"1456\"><span style=\"color: #ee1000;\"><strong data-start=\"1186\" data-end=\"1215\">Instalaciones El\u00e9ctricas:<\/strong><\/span> Realizamos la instalaci\u00f3n de sistemas el\u00e9ctricos en proyectos industriales, comerciales y residenciales, asegurando la correcta distribuci\u00f3n de la energ\u00eda, la protecci\u00f3n adecuada de los sistemas y el cumplimiento de las normativas vigentes.<\/p><\/li><li data-start=\"1458\" data-end=\"1770\"><p data-start=\"1460\" data-end=\"1770\"><span style=\"color: #ee1000;\"><strong data-start=\"1460\" data-end=\"1490\">Desarrollo de Estructuras:<\/strong><\/span> Ofrecemos el dise\u00f1o, desarrollo y construcci\u00f3n de estructuras met\u00e1licas, fundamentales para la correcta instalaci\u00f3n de equipos y sistemas industriales. Nos especializamos en la fabricaci\u00f3n de estructuras robustas y duraderas que cumplen con los requisitos t\u00e9cnicos m\u00e1s exigentes.<\/p><\/li><li data-start=\"1772\" data-end=\"2071\"><p data-start=\"1774\" data-end=\"2071\"><span style=\"color: #ee1000;\"><strong data-start=\"1774\" data-end=\"1800\">Trabajos de Soldadura:<\/strong><\/span> Brindamos servicios de soldadura en diversas aplicaciones industriales, desde la fabricaci\u00f3n hasta la reparaci\u00f3n de componentes met\u00e1licos. Nuestros procesos de soldadura son realizados por personal certificado, garantizando la m\u00e1xima calidad y seguridad en cada trabajo.<\/p><\/li><\/ul><p data-start=\"2073\" data-end=\"2393\">En <span style=\"color: #ee1000;\"><strong data-start=\"2076\" data-end=\"2096\">SIMEC AUTOMATION<\/strong><\/span>, nos comprometemos a ofrecer soluciones completas y a medida, adaptadas a las necesidades de cada cliente, con un enfoque en la innovaci\u00f3n, la eficiencia y la calidad.<\/p>\t\t\t\t\t\t\t\t<\/div>\n\t\t\t\t<\/div>\n\t\t\t\t<\/div>\n\t\t<div class=\"elementor-element elementor-element-bf7acb2 e-con-full e-flex e-con e-child\" data-id=\"bf7acb2\" data-element_type=\"container\">\n\t\t<div class=\"elementor-element elementor-element-3159add e-con-full e-flex e-con e-child\" data-id=\"3159add\" data-element_type=\"container\">\n\t\t\t\t<div class=\"elementor-element elementor-element-d73d543 elementor-widget elementor-widget-image\" data-id=\"d73d543\" data-element_type=\"widget\" data-widget_type=\"image.default\">\n\t\t\t\t<div class=\"elementor-widget-container\">\n\t\t\t\t\t\t\t\t\t\t\t\t\t\t\t<img fetchpriority=\"high\" decoding=\"async\" width=\"768\" height=\"1024\" src=\"https:\/\/simecautomation.com\/wp-content\/uploads\/2025\/03\/10-768x1024.jpeg\" class=\"attachment-large size-large wp-image-357\" alt=\"\" srcset=\"https:\/\/simecautomation.com\/wp-content\/uploads\/2025\/03\/10-768x1024.jpeg 768w, https:\/\/simecautomation.com\/wp-content\/uploads\/2025\/03\/10-225x300.jpeg 225w, https:\/\/simecautomation.com\/wp-content\/uploads\/2025\/03\/10-1152x1536.jpeg 1152w, https:\/\/simecautomation.com\/wp-content\/uploads\/2025\/03\/10.jpeg 1200w\" sizes=\"(max-width: 768px) 100vw, 768px\" \/>\t\t\t\t\t\t\t\t\t\t\t\t\t\t\t<\/div>\n\t\t\t\t<\/div>\n\t\t\t\t<div class=\"elementor-element elementor-element-b78c7cc elementor-widget elementor-widget-image\" data-id=\"b78c7cc\" data-element_type=\"widget\" data-widget_type=\"image.default\">\n\t\t\t\t<div class=\"elementor-widget-container\">\n\t\t\t\t\t\t\t\t\t\t\t\t\t\t\t<img decoding=\"async\" width=\"768\" height=\"1024\" src=\"https:\/\/simecautomation.com\/wp-content\/uploads\/2025\/03\/4WhatsApp-Image-2024-08-02-at-13.48.20-768x1024.jpeg\" class=\"attachment-large size-large wp-image-467\" alt=\"\" srcset=\"https:\/\/simecautomation.com\/wp-content\/uploads\/2025\/03\/4WhatsApp-Image-2024-08-02-at-13.48.20-768x1024.jpeg 768w, https:\/\/simecautomation.com\/wp-content\/uploads\/2025\/03\/4WhatsApp-Image-2024-08-02-at-13.48.20-225x300.jpeg 225w, https:\/\/simecautomation.com\/wp-content\/uploads\/2025\/03\/4WhatsApp-Image-2024-08-02-at-13.48.20-1152x1536.jpeg 1152w, https:\/\/simecautomation.com\/wp-content\/uploads\/2025\/03\/4WhatsApp-Image-2024-08-02-at-13.48.20.jpeg 1200w\" sizes=\"(max-width: 768px) 100vw, 768px\" \/>\t\t\t\t\t\t\t\t\t\t\t\t\t\t\t<\/div>\n\t\t\t\t<\/div>\n\t\t\t\t<div class=\"elementor-element elementor-element-cd8704e elementor-widget elementor-widget-image\" data-id=\"cd8704e\" data-element_type=\"widget\" data-widget_type=\"image.default\">\n\t\t\t\t<div class=\"elementor-widget-container\">\n\t\t\t\t\t\t\t\t\t\t\t\t\t\t\t<img decoding=\"async\" width=\"576\" height=\"1024\" src=\"https:\/\/simecautomation.com\/wp-content\/uploads\/2025\/02\/28-576x1024.jpeg\" class=\"attachment-large size-large wp-image-10\" alt=\"\" srcset=\"https:\/\/simecautomation.com\/wp-content\/uploads\/2025\/02\/28-576x1024.jpeg 576w, https:\/\/simecautomation.com\/wp-content\/uploads\/2025\/02\/28-169x300.jpeg 169w, https:\/\/simecautomation.com\/wp-content\/uploads\/2025\/02\/28-768x1366.jpeg 768w, https:\/\/simecautomation.com\/wp-content\/uploads\/2025\/02\/28-864x1536.jpeg 864w, https:\/\/simecautomation.com\/wp-content\/uploads\/2025\/02\/28.jpeg 899w\" sizes=\"(max-width: 576px) 100vw, 576px\" \/>\t\t\t\t\t\t\t\t\t\t\t\t\t\t\t<\/div>\n\t\t\t\t<\/div>\n\t\t\t\t<\/div>\n\t\t<div class=\"elementor-element elementor-element-2171f29 e-con-full e-flex e-con e-child\" data-id=\"2171f29\" data-element_type=\"container\">\n\t\t\t\t<\/div>\n\t\t\t\t<\/div>\n\t\t\t\t\t<\/div>\n\t\t\t\t<\/div>\n\t\t\t\t<\/div>\n\t\t","protected":false},"excerpt":{"rendered":"<p>En SIMEC AUTOMATION, nos especializamos en ofrecer soluciones integrales para empresas que requieren instalaciones de alta calidad en el sector de ingenier\u00eda mec\u00e1nica y el\u00e9ctrica. Contamos con un equipo altamente capacitado que brinda servicios personalizados y eficaces, asegurando el cumplimiento de los m\u00e1s altos est\u00e1ndares de calidad y seguridad. Nuestros servicios incluyen: Instalaciones de Tuber\u00eda: [&hellip;]<\/p>\n","protected":false},"author":1,"featured_media":0,"parent":0,"menu_order":0,"comment_status":"closed","ping_status":"closed","template":"","meta":{"footnotes":""},"class_list":["post-459","page","type-page","status-publish","hentry"],"_links":{"self":[{"href":"https:\/\/simecautomation.com\/index.php\/wp-json\/wp\/v2\/pages\/459","targetHints":{"allow":["GET"]}}],"collection":[{"href":"https:\/\/simecautomation.com\/index.php\/wp-json\/wp\/v2\/pages"}],"about":[{"href":"https:\/\/simecautomation.com\/index.php\/wp-json\/wp\/v2\/types\/page"}],"author":[{"embeddable":true,"href":"https:\/\/simecautomation.com\/index.php\/wp-json\/wp\/v2\/users\/1"}],"replies":[{"embeddable":true,"href":"https:\/\/simecautomation.com\/index.php\/wp-json\/wp\/v2\/comments?post=459"}],"version-history":[{"count":10,"href":"https:\/\/simecautomation.com\/index.php\/wp-json\/wp\/v2\/pages\/459\/revisions"}],"predecessor-version":[{"id":504,"href":"https:\/\/simecautomation.com\/index.php\/wp-json\/wp\/v2\/pages\/459\/revisions\/504"}],"wp:attachment":[{"href":"https:\/\/simecautomation.com\/index.php\/wp-json\/wp\/v2\/media?parent=459"}],"curies":[{"name":"wp","href":"https:\/\/api.w.org\/{rel}","templated":true}]}}