{"id":355,"date":"2025-03-01T22:16:52","date_gmt":"2025-03-01T22:16:52","guid":{"rendered":"https:\/\/simecautomation.com\/?page_id=355"},"modified":"2025-03-19T16:20:11","modified_gmt":"2025-03-19T16:20:11","slug":"servicios-generales","status":"publish","type":"page","link":"https:\/\/simecautomation.com\/index.php\/servicios-generales\/","title":{"rendered":"SERVICIOS GENERALES"},"content":{"rendered":"\t\t<div data-elementor-type=\"wp-page\" data-elementor-id=\"355\" class=\"elementor elementor-355\">\n\t\t\t\t<div class=\"elementor-element elementor-element-f98b643 e-flex e-con-boxed e-con e-parent\" data-id=\"f98b643\" data-element_type=\"container\">\n\t\t\t\t\t<div class=\"e-con-inner\">\n\t\t\t\t\t<\/div>\n\t\t\t\t<\/div>\n\t\t<div class=\"elementor-element elementor-element-062a8c4 e-flex e-con-boxed e-con e-parent\" data-id=\"062a8c4\" data-element_type=\"container\">\n\t\t\t\t\t<div class=\"e-con-inner\">\n\t\t<div class=\"elementor-element elementor-element-26f8579 e-con-full e-flex e-con e-child\" data-id=\"26f8579\" data-element_type=\"container\">\n\t\t\t\t<div class=\"elementor-element elementor-element-d8a59f3 elementor-widget elementor-widget-heading\" data-id=\"d8a59f3\" data-element_type=\"widget\" data-widget_type=\"heading.default\">\n\t\t\t\t<div class=\"elementor-widget-container\">\n\t\t\t\t\t<h2 class=\"elementor-heading-title elementor-size-default\">Instalaciones\n\n<\/h2>\t\t\t\t<\/div>\n\t\t\t\t<\/div>\n\t\t\t\t<div class=\"elementor-element elementor-element-c3175f1 elementor-widget elementor-widget-text-editor\" data-id=\"c3175f1\" data-element_type=\"widget\" data-widget_type=\"text-editor.default\">\n\t\t\t\t<div class=\"elementor-widget-container\">\n\t\t\t\t\t\t\t\t\t<p class=\"cvGsUA direction-ltr align-start para-style-body\">Realizamos la instalaci\u00f3n de maquinaria, tanto mec\u00e1nica como el\u00e9ctrica, neum\u00e1tica e hidr\u00e1ulica. Nos encargamos de la correcta instalaci\u00f3n, alineaci\u00f3n y puesta en marcha de equipos industriales, asegurando su funcionamiento \u00f3ptimo y prolongando su vida \u00fatil.<\/p>\t\t\t\t\t\t\t\t<\/div>\n\t\t\t\t<\/div>\n\t\t\t\t<div class=\"elementor-element elementor-element-af9f625 elementor-widget elementor-widget-heading\" data-id=\"af9f625\" data-element_type=\"widget\" data-widget_type=\"heading.default\">\n\t\t\t\t<div class=\"elementor-widget-container\">\n\t\t\t\t\t<h2 class=\"elementor-heading-title elementor-size-default\">M\u00e9todos de ingenier\u00eda<\/h2>\t\t\t\t<\/div>\n\t\t\t\t<\/div>\n\t\t\t\t<div class=\"elementor-element elementor-element-24ae165 elementor-widget elementor-widget-text-editor\" data-id=\"24ae165\" data-element_type=\"widget\" data-widget_type=\"text-editor.default\">\n\t\t\t\t<div class=\"elementor-widget-container\">\n\t\t\t\t\t\t\t\t\t<p>Ofrecemos servicios de ingenier\u00eda inversa para sistemas antiguos, lo que nos permite detectar y diagnosticar problemas de manera eficiente. A trav\u00e9s de este proceso, somos capaces de optimizar sistemas existentes, mejorar su rendimiento y evitar fallas futuras.<\/p>\t\t\t\t\t\t\t\t<\/div>\n\t\t\t\t<\/div>\n\t\t\t\t<div class=\"elementor-element elementor-element-20fa461 elementor-widget elementor-widget-heading\" data-id=\"20fa461\" data-element_type=\"widget\" data-widget_type=\"heading.default\">\n\t\t\t\t<div class=\"elementor-widget-container\">\n\t\t\t\t\t<h2 class=\"elementor-heading-title elementor-size-default\">Mantenimiento General<\/h2>\t\t\t\t<\/div>\n\t\t\t\t<\/div>\n\t\t\t\t<div class=\"elementor-element elementor-element-4aa659e elementor-widget elementor-widget-text-editor\" data-id=\"4aa659e\" data-element_type=\"widget\" data-widget_type=\"text-editor.default\">\n\t\t\t\t<div class=\"elementor-widget-container\">\n\t\t\t\t\t\t\t\t\t<p>Brindamos un servicio integral de mantenimiento general para maquinaria, tanto preventivo como correctivo. Nuestro objetivo es maximizar la productividad y evitar paros no planificados mediante intervenciones oportunas que mantengan los equipos en condiciones \u00f3ptimas de operaci\u00f3n.<\/p>\t\t\t\t\t\t\t\t<\/div>\n\t\t\t\t<\/div>\n\t\t\t\t<div class=\"elementor-element elementor-element-3408730 elementor-widget elementor-widget-heading\" data-id=\"3408730\" data-element_type=\"widget\" data-widget_type=\"heading.default\">\n\t\t\t\t<div class=\"elementor-widget-container\">\n\t\t\t\t\t<h2 class=\"elementor-heading-title elementor-size-default\">Refurbish de Celdas<\/h2>\t\t\t\t<\/div>\n\t\t\t\t<\/div>\n\t\t\t\t<div class=\"elementor-element elementor-element-f7f4c89 elementor-widget elementor-widget-text-editor\" data-id=\"f7f4c89\" data-element_type=\"widget\" data-widget_type=\"text-editor.default\">\n\t\t\t\t<div class=\"elementor-widget-container\">\n\t\t\t\t\t\t\t\t\t<p>Nos encargamos de la puesta en l\u00ednea de maquinaria y componentes, realizando refacciones completas en sistemas mec\u00e1nicos, el\u00e9ctricos, neum\u00e1ticos, hidr\u00e1ulicos y m\u00e1s. Este servicio est\u00e1 dise\u00f1ado para alargar la vida \u00fatil de la maquinaria, optimizar su rendimiento y adaptarla a las necesidades actuales de producci\u00f3n.<\/p>\t\t\t\t\t\t\t\t<\/div>\n\t\t\t\t<\/div>\n\t\t\t\t<div class=\"elementor-element elementor-element-8391a5c elementor-widget elementor-widget-heading\" data-id=\"8391a5c\" data-element_type=\"widget\" data-widget_type=\"heading.default\">\n\t\t\t\t<div class=\"elementor-widget-container\">\n\t\t\t\t\t<h2 class=\"elementor-heading-title elementor-size-default\">Servicios de Pailer\u00eda<\/h2>\t\t\t\t<\/div>\n\t\t\t\t<\/div>\n\t\t\t\t<div class=\"elementor-element elementor-element-fb6700a elementor-widget elementor-widget-text-editor\" data-id=\"fb6700a\" data-element_type=\"widget\" data-widget_type=\"text-editor.default\">\n\t\t\t\t<div class=\"elementor-widget-container\">\n\t\t\t\t\t\t\t\t\t<p>Ofrecemos servicios de pailer\u00eda general, realizados bajo un dise\u00f1o espec\u00edfico basado en los requerimientos de cada cliente. Ya sea para fabricaci\u00f3n, reparaci\u00f3n o modificaci\u00f3n de componentes, garantizamos soluciones robustas y de alta calidad.<\/p>\t\t\t\t\t\t\t\t<\/div>\n\t\t\t\t<\/div>\n\t\t\t\t<div class=\"elementor-element elementor-element-bb98a13 elementor-widget elementor-widget-heading\" data-id=\"bb98a13\" data-element_type=\"widget\" data-widget_type=\"heading.default\">\n\t\t\t\t<div class=\"elementor-widget-container\">\n\t\t\t\t\t<h2 class=\"elementor-heading-title elementor-size-default\">Servicios de Pintura<\/h2>\t\t\t\t<\/div>\n\t\t\t\t<\/div>\n\t\t\t\t<div class=\"elementor-element elementor-element-967a926 elementor-widget elementor-widget-text-editor\" data-id=\"967a926\" data-element_type=\"widget\" data-widget_type=\"text-editor.default\">\n\t\t\t\t<div class=\"elementor-widget-container\">\n\t\t\t\t\t\t\t\t\t<p>Realizamos pintura profesional para maquinaria o estructuras met\u00e1licas, asegurando que los acabados sean duraderos y de alta calidad. Este servicio est\u00e1 dise\u00f1ado para proteger las superficies de corrosi\u00f3n y desgaste, adem\u00e1s de mejorar la est\u00e9tica de las instalaciones industriales.<\/p>\t\t\t\t\t\t\t\t<\/div>\n\t\t\t\t<\/div>\n\t\t\t\t<\/div>\n\t\t<div class=\"elementor-element elementor-element-3a2670b e-con-full e-flex e-con e-child\" data-id=\"3a2670b\" data-element_type=\"container\">\n\t\t\t\t<div class=\"elementor-element elementor-element-386ed23 elementor-widget elementor-widget-image\" data-id=\"386ed23\" data-element_type=\"widget\" data-widget_type=\"image.default\">\n\t\t\t\t<div class=\"elementor-widget-container\">\n\t\t\t\t\t\t\t\t\t\t\t\t\t\t\t<img fetchpriority=\"high\" decoding=\"async\" width=\"768\" height=\"1024\" src=\"https:\/\/simecautomation.com\/wp-content\/uploads\/2025\/03\/10-768x1024.jpeg\" class=\"attachment-large size-large wp-image-357\" alt=\"\" srcset=\"https:\/\/simecautomation.com\/wp-content\/uploads\/2025\/03\/10-768x1024.jpeg 768w, https:\/\/simecautomation.com\/wp-content\/uploads\/2025\/03\/10-225x300.jpeg 225w, https:\/\/simecautomation.com\/wp-content\/uploads\/2025\/03\/10-1152x1536.jpeg 1152w, https:\/\/simecautomation.com\/wp-content\/uploads\/2025\/03\/10.jpeg 1200w\" sizes=\"(max-width: 768px) 100vw, 768px\" \/>\t\t\t\t\t\t\t\t\t\t\t\t\t\t\t<\/div>\n\t\t\t\t<\/div>\n\t\t\t\t<div class=\"elementor-element elementor-element-79b629a elementor-widget elementor-widget-image\" data-id=\"79b629a\" data-element_type=\"widget\" data-widget_type=\"image.default\">\n\t\t\t\t<div class=\"elementor-widget-container\">\n\t\t\t\t\t\t\t\t\t\t\t\t\t\t\t<img decoding=\"async\" width=\"1024\" height=\"768\" src=\"https:\/\/simecautomation.com\/wp-content\/uploads\/2025\/03\/82-1024x768.jpeg\" class=\"attachment-large size-large wp-image-358\" alt=\"\" srcset=\"https:\/\/simecautomation.com\/wp-content\/uploads\/2025\/03\/82-1024x768.jpeg 1024w, https:\/\/simecautomation.com\/wp-content\/uploads\/2025\/03\/82-300x225.jpeg 300w, https:\/\/simecautomation.com\/wp-content\/uploads\/2025\/03\/82-768x576.jpeg 768w, https:\/\/simecautomation.com\/wp-content\/uploads\/2025\/03\/82.jpeg 1280w\" sizes=\"(max-width: 1024px) 100vw, 1024px\" \/>\t\t\t\t\t\t\t\t\t\t\t\t\t\t\t<\/div>\n\t\t\t\t<\/div>\n\t\t\t\t<div class=\"elementor-element elementor-element-314dd28 elementor-widget elementor-widget-image\" data-id=\"314dd28\" data-element_type=\"widget\" data-widget_type=\"image.default\">\n\t\t\t\t<div class=\"elementor-widget-container\">\n\t\t\t\t\t\t\t\t\t\t\t\t\t\t\t<img decoding=\"async\" width=\"768\" height=\"1024\" src=\"https:\/\/simecautomation.com\/wp-content\/uploads\/2025\/03\/51-768x1024.jpeg\" class=\"attachment-large size-large wp-image-359\" alt=\"\" srcset=\"https:\/\/simecautomation.com\/wp-content\/uploads\/2025\/03\/51-768x1024.jpeg 768w, https:\/\/simecautomation.com\/wp-content\/uploads\/2025\/03\/51-225x300.jpeg 225w, https:\/\/simecautomation.com\/wp-content\/uploads\/2025\/03\/51.jpeg 960w\" sizes=\"(max-width: 768px) 100vw, 768px\" \/>\t\t\t\t\t\t\t\t\t\t\t\t\t\t\t<\/div>\n\t\t\t\t<\/div>\n\t\t\t\t<div class=\"elementor-element elementor-element-6d7110a elementor-widget elementor-widget-image\" data-id=\"6d7110a\" data-element_type=\"widget\" data-widget_type=\"image.default\">\n\t\t\t\t<div class=\"elementor-widget-container\">\n\t\t\t\t\t\t\t\t\t\t\t\t\t\t\t<img loading=\"lazy\" decoding=\"async\" width=\"768\" height=\"1024\" src=\"https:\/\/simecautomation.com\/wp-content\/uploads\/2025\/03\/74-768x1024.jpeg\" class=\"attachment-large size-large wp-image-344\" alt=\"\" srcset=\"https:\/\/simecautomation.com\/wp-content\/uploads\/2025\/03\/74-768x1024.jpeg 768w, https:\/\/simecautomation.com\/wp-content\/uploads\/2025\/03\/74-225x300.jpeg 225w, https:\/\/simecautomation.com\/wp-content\/uploads\/2025\/03\/74-1152x1536.jpeg 1152w, https:\/\/simecautomation.com\/wp-content\/uploads\/2025\/03\/74.jpeg 1200w\" sizes=\"(max-width: 768px) 100vw, 768px\" \/>\t\t\t\t\t\t\t\t\t\t\t\t\t\t\t<\/div>\n\t\t\t\t<\/div>\n\t\t\t\t<\/div>\n\t\t\t\t\t<\/div>\n\t\t\t\t<\/div>\n\t\t<div class=\"elementor-element elementor-element-d61f4f4 e-flex e-con-boxed e-con e-parent\" data-id=\"d61f4f4\" data-element_type=\"container\">\n\t\t\t\t\t<div class=\"e-con-inner\">\n\t\t\t\t\t<\/div>\n\t\t\t\t<\/div>\n\t\t\t\t<\/div>\n\t\t","protected":false},"excerpt":{"rendered":"<p>Instalaciones Realizamos la instalaci\u00f3n de maquinaria, tanto mec\u00e1nica como el\u00e9ctrica, neum\u00e1tica e hidr\u00e1ulica. Nos encargamos de la correcta instalaci\u00f3n, alineaci\u00f3n y puesta en marcha de equipos industriales, asegurando su funcionamiento \u00f3ptimo y prolongando su vida \u00fatil. M\u00e9todos de ingenier\u00eda Ofrecemos servicios de ingenier\u00eda inversa para sistemas antiguos, lo que nos permite detectar y diagnosticar problemas [&hellip;]<\/p>\n","protected":false},"author":1,"featured_media":0,"parent":0,"menu_order":0,"comment_status":"closed","ping_status":"closed","template":"","meta":{"footnotes":""},"class_list":["post-355","page","type-page","status-publish","hentry"],"_links":{"self":[{"href":"https:\/\/simecautomation.com\/index.php\/wp-json\/wp\/v2\/pages\/355","targetHints":{"allow":["GET"]}}],"collection":[{"href":"https:\/\/simecautomation.com\/index.php\/wp-json\/wp\/v2\/pages"}],"about":[{"href":"https:\/\/simecautomation.com\/index.php\/wp-json\/wp\/v2\/types\/page"}],"author":[{"embeddable":true,"href":"https:\/\/simecautomation.com\/index.php\/wp-json\/wp\/v2\/users\/1"}],"replies":[{"embeddable":true,"href":"https:\/\/simecautomation.com\/index.php\/wp-json\/wp\/v2\/comments?post=355"}],"version-history":[{"count":10,"href":"https:\/\/simecautomation.com\/index.php\/wp-json\/wp\/v2\/pages\/355\/revisions"}],"predecessor-version":[{"id":530,"href":"https:\/\/simecautomation.com\/index.php\/wp-json\/wp\/v2\/pages\/355\/revisions\/530"}],"wp:attachment":[{"href":"https:\/\/simecautomation.com\/index.php\/wp-json\/wp\/v2\/media?parent=355"}],"curies":[{"name":"wp","href":"https:\/\/api.w.org\/{rel}","templated":true}]}}