{"id":150,"date":"2025-02-23T00:39:22","date_gmt":"2025-02-23T00:39:22","guid":{"rendered":"https:\/\/simecautomation.com\/?page_id=150"},"modified":"2025-03-19T16:31:07","modified_gmt":"2025-03-19T16:31:07","slug":"diseno-mecanico","status":"publish","type":"page","link":"https:\/\/simecautomation.com\/index.php\/diseno-mecanico\/","title":{"rendered":"DISE\u00d1O MEC\u00c1NICO"},"content":{"rendered":"\t\t<div data-elementor-type=\"wp-page\" data-elementor-id=\"150\" class=\"elementor elementor-150\">\n\t\t\t\t<div class=\"elementor-element elementor-element-cd827b1 e-flex e-con-boxed e-con e-parent\" data-id=\"cd827b1\" data-element_type=\"container\">\n\t\t\t\t\t<div class=\"e-con-inner\">\n\t\t<div class=\"elementor-element elementor-element-c8a0f70 e-con-full e-flex e-con e-child\" data-id=\"c8a0f70\" data-element_type=\"container\">\n\t\t\t\t<div class=\"elementor-element elementor-element-17df56d elementor-widget elementor-widget-heading\" data-id=\"17df56d\" data-element_type=\"widget\" data-widget_type=\"heading.default\">\n\t\t\t\t<div class=\"elementor-widget-container\">\n\t\t\t\t\t<h2 class=\"elementor-heading-title elementor-size-default\">Dise\u00f1o mec\u00e1nico<\/h2>\t\t\t\t<\/div>\n\t\t\t\t<\/div>\n\t\t\t\t<div class=\"elementor-element elementor-element-11c51fb elementor-widget elementor-widget-text-editor\" data-id=\"11c51fb\" data-element_type=\"widget\" data-widget_type=\"text-editor.default\">\n\t\t\t\t<div class=\"elementor-widget-container\">\n\t\t\t\t\t\t\t\t\t<p data-start=\"163\" data-end=\"548\">Nos especializamos en el dise\u00f1o de sistemas mec\u00e1nicos <strong data-start=\"242\" data-end=\"259\">llave en mano<\/strong> para el ensamble de productos, adaptados a las necesidades espec\u00edficas de cada cliente. Utilizamos <strong data-start=\"359\" data-end=\"402\">m\u00e9todos de ingenier\u00eda directa e inversa<\/strong> para desarrollar soluciones personalizadas que optimicen los procesos de producci\u00f3n y aseguren la m\u00e1xima eficiencia en cada etapa del ensamblaje.<\/p><p data-start=\"550\" data-end=\"879\">El dise\u00f1o mec\u00e1nico que ofrecemos integra tecnolog\u00eda de vanguardia para crear sistemas robustos, precisos y confiables. Ya sea dise\u00f1ando nuevos sistemas o realizando ingenier\u00eda inversa para optimizar o modernizar sistemas existentes, garantizamos resultados que mejoran el desempe\u00f1o y la productividad de las l\u00edneas de ensamblaje.<\/p><p data-start=\"881\" data-end=\"1138\">Nuestro enfoque <strong data-start=\"897\" data-end=\"914\">llave en mano<\/strong> significa que nos encargamos de todo el proceso: desde la concepci\u00f3n del dise\u00f1o hasta la fabricaci\u00f3n, instalaci\u00f3n y puesta en marcha de los sistemas, asegurando que el cliente reciba una soluci\u00f3n integral lista para operar.<\/p>\t\t\t\t\t\t\t\t<\/div>\n\t\t\t\t<\/div>\n\t\t\t\t<div class=\"elementor-element elementor-element-f17ebda elementor-widget elementor-widget-heading\" data-id=\"f17ebda\" data-element_type=\"widget\" data-widget_type=\"heading.default\">\n\t\t\t\t<div class=\"elementor-widget-container\">\n\t\t\t\t\t<h2 class=\"elementor-heading-title elementor-size-default\">Poka Yoke<\/h2>\t\t\t\t<\/div>\n\t\t\t\t<\/div>\n\t\t\t\t<div class=\"elementor-element elementor-element-6a40a5c elementor-widget elementor-widget-text-editor\" data-id=\"6a40a5c\" data-element_type=\"widget\" data-widget_type=\"text-editor.default\">\n\t\t\t\t<div class=\"elementor-widget-container\">\n\t\t\t\t\t\t\t\t\t<p data-start=\"1180\" data-end=\"1536\">Tambi\u00e9n contamos con una amplia experiencia en el dise\u00f1o, fabricaci\u00f3n, instalaci\u00f3n y programaci\u00f3n de <strong data-start=\"1306\" data-end=\"1328\">sistemas Poka Yoke<\/strong>. Estos sistemas est\u00e1n dise\u00f1ados para prevenir errores humanos en los procesos de producci\u00f3n, asegurando que se cumplan los est\u00e1ndares de calidad m\u00e1s altos y que la eficiencia operativa se mantenga al m\u00e1ximo.<\/p><p data-start=\"1538\" data-end=\"1877\">Ofrecemos soluciones <strong data-start=\"1559\" data-end=\"1576\">llave en mano<\/strong> que incluyen todo el ciclo de vida del sistema Poka Yoke: desde su dise\u00f1o y fabricaci\u00f3n hasta su integraci\u00f3n y programaci\u00f3n. Adem\u00e1s, nos especializamos en la implementaci\u00f3n de estos sistemas en plataformas como <strong data-start=\"1788\" data-end=\"1802\">Red Rabbit<\/strong>, garantizando una integraci\u00f3n perfecta y una operaci\u00f3n sin interrupciones.<\/p><p data-start=\"1879\" data-end=\"2112\">Los sistemas Poka Yoke que desarrollamos est\u00e1n orientados a reducir los defectos de producci\u00f3n, mejorar la fiabilidad de los procesos y aumentar la seguridad en el entorno de trabajo, contribuyendo a la mejora continua de la calidad.<\/p>\t\t\t\t\t\t\t\t<\/div>\n\t\t\t\t<\/div>\n\t\t\t\t<\/div>\n\t\t<div class=\"elementor-element elementor-element-7397af3 e-con-full e-flex e-con e-child\" data-id=\"7397af3\" data-element_type=\"container\">\n\t\t\t\t<div class=\"elementor-element elementor-element-f2be00a elementor-widget elementor-widget-image\" data-id=\"f2be00a\" data-element_type=\"widget\" data-widget_type=\"image.default\">\n\t\t\t\t<div class=\"elementor-widget-container\">\n\t\t\t\t\t\t\t\t\t\t\t\t\t\t\t<img fetchpriority=\"high\" decoding=\"async\" width=\"768\" height=\"1024\" src=\"https:\/\/simecautomation.com\/wp-content\/uploads\/2025\/03\/74-768x1024.jpeg\" class=\"attachment-large size-large wp-image-344\" alt=\"\" srcset=\"https:\/\/simecautomation.com\/wp-content\/uploads\/2025\/03\/74-768x1024.jpeg 768w, https:\/\/simecautomation.com\/wp-content\/uploads\/2025\/03\/74-225x300.jpeg 225w, https:\/\/simecautomation.com\/wp-content\/uploads\/2025\/03\/74-1152x1536.jpeg 1152w, https:\/\/simecautomation.com\/wp-content\/uploads\/2025\/03\/74.jpeg 1200w\" sizes=\"(max-width: 768px) 100vw, 768px\" \/>\t\t\t\t\t\t\t\t\t\t\t\t\t\t\t<\/div>\n\t\t\t\t<\/div>\n\t\t\t\t<div class=\"elementor-element elementor-element-9829547 elementor-widget elementor-widget-image\" data-id=\"9829547\" data-element_type=\"widget\" data-widget_type=\"image.default\">\n\t\t\t\t<div class=\"elementor-widget-container\">\n\t\t\t\t\t\t\t\t\t\t\t\t\t\t\t<img decoding=\"async\" width=\"1024\" height=\"800\" src=\"https:\/\/simecautomation.com\/wp-content\/uploads\/2025\/03\/80-1024x800.jpeg\" class=\"attachment-large size-large wp-image-345\" alt=\"\" srcset=\"https:\/\/simecautomation.com\/wp-content\/uploads\/2025\/03\/80-1024x800.jpeg 1024w, https:\/\/simecautomation.com\/wp-content\/uploads\/2025\/03\/80-300x234.jpeg 300w, https:\/\/simecautomation.com\/wp-content\/uploads\/2025\/03\/80-768x600.jpeg 768w, https:\/\/simecautomation.com\/wp-content\/uploads\/2025\/03\/80.jpeg 1280w\" sizes=\"(max-width: 1024px) 100vw, 1024px\" \/>\t\t\t\t\t\t\t\t\t\t\t\t\t\t\t<\/div>\n\t\t\t\t<\/div>\n\t\t\t\t<div class=\"elementor-element elementor-element-2403f64 elementor-widget elementor-widget-image\" data-id=\"2403f64\" data-element_type=\"widget\" data-widget_type=\"image.default\">\n\t\t\t\t<div class=\"elementor-widget-container\">\n\t\t\t\t\t\t\t\t\t\t\t\t\t\t\t<img decoding=\"async\" width=\"768\" height=\"1024\" src=\"https:\/\/simecautomation.com\/wp-content\/uploads\/2025\/03\/3WhatsApp-Image-2024-08-02-at-13.43.21-768x1024.jpeg\" class=\"attachment-large size-large wp-image-347\" alt=\"\" srcset=\"https:\/\/simecautomation.com\/wp-content\/uploads\/2025\/03\/3WhatsApp-Image-2024-08-02-at-13.43.21-768x1024.jpeg 768w, https:\/\/simecautomation.com\/wp-content\/uploads\/2025\/03\/3WhatsApp-Image-2024-08-02-at-13.43.21-225x300.jpeg 225w, https:\/\/simecautomation.com\/wp-content\/uploads\/2025\/03\/3WhatsApp-Image-2024-08-02-at-13.43.21-1152x1536.jpeg 1152w, https:\/\/simecautomation.com\/wp-content\/uploads\/2025\/03\/3WhatsApp-Image-2024-08-02-at-13.43.21.jpeg 1200w\" sizes=\"(max-width: 768px) 100vw, 768px\" \/>\t\t\t\t\t\t\t\t\t\t\t\t\t\t\t<\/div>\n\t\t\t\t<\/div>\n\t\t\t\t<div class=\"elementor-element elementor-element-e4236a5 elementor-widget elementor-widget-image\" data-id=\"e4236a5\" data-element_type=\"widget\" data-widget_type=\"image.default\">\n\t\t\t\t<div class=\"elementor-widget-container\">\n\t\t\t\t\t\t\t\t\t\t\t\t\t\t\t<img loading=\"lazy\" decoding=\"async\" width=\"768\" height=\"1024\" src=\"https:\/\/simecautomation.com\/wp-content\/uploads\/2025\/03\/38-768x1024.jpeg\" class=\"attachment-large size-large wp-image-540\" alt=\"\" srcset=\"https:\/\/simecautomation.com\/wp-content\/uploads\/2025\/03\/38-768x1024.jpeg 768w, https:\/\/simecautomation.com\/wp-content\/uploads\/2025\/03\/38-225x300.jpeg 225w, https:\/\/simecautomation.com\/wp-content\/uploads\/2025\/03\/38-1152x1536.jpeg 1152w, https:\/\/simecautomation.com\/wp-content\/uploads\/2025\/03\/38.jpeg 1200w\" sizes=\"(max-width: 768px) 100vw, 768px\" \/>\t\t\t\t\t\t\t\t\t\t\t\t\t\t\t<\/div>\n\t\t\t\t<\/div>\n\t\t\t\t<\/div>\n\t\t\t\t\t<\/div>\n\t\t\t\t<\/div>\n\t\t<div class=\"elementor-element elementor-element-1a371b9 e-flex e-con-boxed e-con e-parent\" data-id=\"1a371b9\" data-element_type=\"container\">\n\t\t\t\t\t<div class=\"e-con-inner\">\n\t\t\t\t\t<\/div>\n\t\t\t\t<\/div>\n\t\t\t\t<\/div>\n\t\t","protected":false},"excerpt":{"rendered":"<p>Dise\u00f1o mec\u00e1nico Nos especializamos en el dise\u00f1o de sistemas mec\u00e1nicos llave en mano para el ensamble de productos, adaptados a las necesidades espec\u00edficas de cada cliente. Utilizamos m\u00e9todos de ingenier\u00eda directa e inversa para desarrollar soluciones personalizadas que optimicen los procesos de producci\u00f3n y aseguren la m\u00e1xima eficiencia en cada etapa del ensamblaje. El dise\u00f1o [&hellip;]<\/p>\n","protected":false},"author":1,"featured_media":0,"parent":0,"menu_order":0,"comment_status":"closed","ping_status":"closed","template":"","meta":{"footnotes":""},"class_list":["post-150","page","type-page","status-publish","hentry"],"_links":{"self":[{"href":"https:\/\/simecautomation.com\/index.php\/wp-json\/wp\/v2\/pages\/150","targetHints":{"allow":["GET"]}}],"collection":[{"href":"https:\/\/simecautomation.com\/index.php\/wp-json\/wp\/v2\/pages"}],"about":[{"href":"https:\/\/simecautomation.com\/index.php\/wp-json\/wp\/v2\/types\/page"}],"author":[{"embeddable":true,"href":"https:\/\/simecautomation.com\/index.php\/wp-json\/wp\/v2\/users\/1"}],"replies":[{"embeddable":true,"href":"https:\/\/simecautomation.com\/index.php\/wp-json\/wp\/v2\/comments?post=150"}],"version-history":[{"count":7,"href":"https:\/\/simecautomation.com\/index.php\/wp-json\/wp\/v2\/pages\/150\/revisions"}],"predecessor-version":[{"id":543,"href":"https:\/\/simecautomation.com\/index.php\/wp-json\/wp\/v2\/pages\/150\/revisions\/543"}],"wp:attachment":[{"href":"https:\/\/simecautomation.com\/index.php\/wp-json\/wp\/v2\/media?parent=150"}],"curies":[{"name":"wp","href":"https:\/\/api.w.org\/{rel}","templated":true}]}}