{"id":147,"date":"2025-02-22T21:15:15","date_gmt":"2025-02-22T21:15:15","guid":{"rendered":"https:\/\/simecautomation.com\/?page_id=147"},"modified":"2025-03-19T16:34:45","modified_gmt":"2025-03-19T16:34:45","slug":"control","status":"publish","type":"page","link":"https:\/\/simecautomation.com\/index.php\/control\/","title":{"rendered":"CONTROL"},"content":{"rendered":"\t\t<div data-elementor-type=\"wp-page\" data-elementor-id=\"147\" class=\"elementor elementor-147\">\n\t\t\t\t<div class=\"elementor-element elementor-element-7a6e9fe e-flex e-con-boxed e-con e-parent\" data-id=\"7a6e9fe\" data-element_type=\"container\">\n\t\t\t\t\t<div class=\"e-con-inner\">\n\t\t<div class=\"elementor-element elementor-element-fa19f62 e-con-full e-flex e-con e-child\" data-id=\"fa19f62\" data-element_type=\"container\">\n\t\t\t\t<div class=\"elementor-element elementor-element-cf49359 elementor-widget elementor-widget-heading\" data-id=\"cf49359\" data-element_type=\"widget\" data-widget_type=\"heading.default\">\n\t\t\t\t<div class=\"elementor-widget-container\">\n\t\t\t\t\t<h2 class=\"elementor-heading-title elementor-size-default\">Sistemas de Control<\/h2>\t\t\t\t<\/div>\n\t\t\t\t<\/div>\n\t\t\t\t<div class=\"elementor-element elementor-element-3ceb3672 elementor-widget elementor-widget-text-editor\" data-id=\"3ceb3672\" data-element_type=\"widget\" data-widget_type=\"text-editor.default\">\n\t\t\t\t<div class=\"elementor-widget-container\">\n\t\t\t\t\t\t\t\t\t\n<p data-start=\"153\" data-end=\"525\">Desarollamos el <strong data-start=\"203\" data-end=\"236\">dise\u00f1o de sistemas de control<\/strong> para estaciones nuevas y actualizaciones de sistemas existentes.<\/p>\n<p data-start=\"153\" data-end=\"525\">Con un enfoque en la automatizaci\u00f3n industrial, nos encargamos de dise\u00f1ar e implementar soluciones de control de \u00faltima tecnolog\u00eda que optimizan el rendimiento de las estaciones de trabajo y mejoran la eficiencia operativa.<\/p>\n<p data-start=\"527\" data-end=\"997\">Ya sea que se trate de la creaci\u00f3n de un sistema de control para una nueva instalaci\u00f3n o de la <strong data-start=\"622\" data-end=\"651\">actualizaci\u00f3n de sistemas <\/strong>existentes, nuestro equipo tiene la experiencia y las herramientas necesarias para garantizar una integraci\u00f3n fluida y eficiente.<\/p>\n<p data-start=\"527\" data-end=\"997\">Nos especializamos en el uso de <strong data-start=\"814\" data-end=\"859\">PLCs (Controladores L\u00f3gicos Programables)<\/strong>, que son la columna vertebral de nuestras soluciones de control, asegurando una gesti\u00f3n precisa y confiable de los procesos industriales.<\/p>\n\t\t\t\t\t\t\t\t<\/div>\n\t\t\t\t<\/div>\n\t\t\t\t<\/div>\n\t\t<div class=\"elementor-element elementor-element-60c2607 e-con-full e-flex e-con e-child\" data-id=\"60c2607\" data-element_type=\"container\">\n\t\t\t\t<div class=\"elementor-element elementor-element-5c76160 elementor-widget elementor-widget-image\" data-id=\"5c76160\" data-element_type=\"widget\" data-widget_type=\"image.default\">\n\t\t\t\t<div class=\"elementor-widget-container\">\n\t\t\t\t\t\t\t\t\t\t\t\t\t\t\t<img fetchpriority=\"high\" decoding=\"async\" width=\"768\" height=\"1024\" src=\"https:\/\/simecautomation.com\/wp-content\/uploads\/2025\/03\/4WhatsApp-Image-2024-08-02-at-13.48.20-768x1024.jpeg\" class=\"attachment-large size-large wp-image-467\" alt=\"\" srcset=\"https:\/\/simecautomation.com\/wp-content\/uploads\/2025\/03\/4WhatsApp-Image-2024-08-02-at-13.48.20-768x1024.jpeg 768w, https:\/\/simecautomation.com\/wp-content\/uploads\/2025\/03\/4WhatsApp-Image-2024-08-02-at-13.48.20-225x300.jpeg 225w, https:\/\/simecautomation.com\/wp-content\/uploads\/2025\/03\/4WhatsApp-Image-2024-08-02-at-13.48.20-1152x1536.jpeg 1152w, https:\/\/simecautomation.com\/wp-content\/uploads\/2025\/03\/4WhatsApp-Image-2024-08-02-at-13.48.20.jpeg 1200w\" sizes=\"(max-width: 768px) 100vw, 768px\" \/>\t\t\t\t\t\t\t\t\t\t\t\t\t\t\t<\/div>\n\t\t\t\t<\/div>\n\t\t\t\t<div class=\"elementor-element elementor-element-cda7ff4 elementor-widget elementor-widget-image\" data-id=\"cda7ff4\" data-element_type=\"widget\" data-widget_type=\"image.default\">\n\t\t\t\t<div class=\"elementor-widget-container\">\n\t\t\t\t\t\t\t\t\t\t\t\t\t\t\t<img decoding=\"async\" width=\"768\" height=\"1024\" src=\"https:\/\/simecautomation.com\/wp-content\/uploads\/2025\/03\/5WhatsApp-Image-2024-08-02-at-13.48.20-768x1024.jpeg\" class=\"attachment-large size-large wp-image-488\" alt=\"\" srcset=\"https:\/\/simecautomation.com\/wp-content\/uploads\/2025\/03\/5WhatsApp-Image-2024-08-02-at-13.48.20-768x1024.jpeg 768w, https:\/\/simecautomation.com\/wp-content\/uploads\/2025\/03\/5WhatsApp-Image-2024-08-02-at-13.48.20-225x300.jpeg 225w, https:\/\/simecautomation.com\/wp-content\/uploads\/2025\/03\/5WhatsApp-Image-2024-08-02-at-13.48.20-1152x1536.jpeg 1152w, https:\/\/simecautomation.com\/wp-content\/uploads\/2025\/03\/5WhatsApp-Image-2024-08-02-at-13.48.20.jpeg 1200w\" sizes=\"(max-width: 768px) 100vw, 768px\" \/>\t\t\t\t\t\t\t\t\t\t\t\t\t\t\t<\/div>\n\t\t\t\t<\/div>\n\t\t\t\t<\/div>\n\t\t\t\t\t<\/div>\n\t\t\t\t<\/div>\n\t\t<div class=\"elementor-element elementor-element-9e08d2d e-flex e-con-boxed e-con e-parent\" data-id=\"9e08d2d\" data-element_type=\"container\">\n\t\t\t\t\t<div class=\"e-con-inner\">\n\t\t\t\t\t<\/div>\n\t\t\t\t<\/div>\n\t\t\t\t<\/div>\n\t\t","protected":false},"excerpt":{"rendered":"<p>Sistemas de Control Desarollamos el dise\u00f1o de sistemas de control para estaciones nuevas y actualizaciones de sistemas existentes. Con un enfoque en la automatizaci\u00f3n industrial, nos encargamos de dise\u00f1ar e implementar soluciones de control de \u00faltima tecnolog\u00eda que optimizan el rendimiento de las estaciones de trabajo y mejoran la eficiencia operativa. Ya sea que se [&hellip;]<\/p>\n","protected":false},"author":1,"featured_media":0,"parent":0,"menu_order":0,"comment_status":"closed","ping_status":"closed","template":"","meta":{"footnotes":""},"class_list":["post-147","page","type-page","status-publish","hentry"],"_links":{"self":[{"href":"https:\/\/simecautomation.com\/index.php\/wp-json\/wp\/v2\/pages\/147","targetHints":{"allow":["GET"]}}],"collection":[{"href":"https:\/\/simecautomation.com\/index.php\/wp-json\/wp\/v2\/pages"}],"about":[{"href":"https:\/\/simecautomation.com\/index.php\/wp-json\/wp\/v2\/types\/page"}],"author":[{"embeddable":true,"href":"https:\/\/simecautomation.com\/index.php\/wp-json\/wp\/v2\/users\/1"}],"replies":[{"embeddable":true,"href":"https:\/\/simecautomation.com\/index.php\/wp-json\/wp\/v2\/comments?post=147"}],"version-history":[{"count":10,"href":"https:\/\/simecautomation.com\/index.php\/wp-json\/wp\/v2\/pages\/147\/revisions"}],"predecessor-version":[{"id":549,"href":"https:\/\/simecautomation.com\/index.php\/wp-json\/wp\/v2\/pages\/147\/revisions\/549"}],"wp:attachment":[{"href":"https:\/\/simecautomation.com\/index.php\/wp-json\/wp\/v2\/media?parent=147"}],"curies":[{"name":"wp","href":"https:\/\/api.w.org\/{rel}","templated":true}]}}